{"id":978,"date":"2023-05-07T16:13:46","date_gmt":"2023-05-07T14:13:46","guid":{"rendered":"https:\/\/detlef-kipar.de\/wordpress\/?post_type=product&#038;p=978"},"modified":"2023-07-01T00:09:42","modified_gmt":"2023-06-30T22:09:42","slug":"nivona-nicr-970","status":"publish","type":"product","link":"https:\/\/detlef-kipar.de\/wordpress\/produkt\/nivona-nicr-970\/","title":{"rendered":"NIVONA NICR 970"},"content":{"rendered":"<div class=\"details__headline\">Kaffeevollautomat, 15 bar Pumpendruck, 1 und 2 Tassenbetrieb, einstellbare Br\u00fchtemperatur, einstellbare Kaffeest\u00e4rke, One-Touch-Funktion f\u00fcr z.B. Cappuccino, Spumatore-Duo, Hei\u00dfwasserd\u00fcse, Fach f\u00fcr zweite gemahlene Kaffeesorte, 2,2 l Wassertank, abnehmbar, separater Milchbeh\u00e4lter, h\u00f6henverstellbarer Kaffeeauslauf, Display, geeignet f\u00fcr den Einsatz von Wasserfiltern, Energiesparmodus, Automatische Reinigung und Entkalkung, Sp\u00fclpflege-Automatik f\u00fcr Milchaufsch\u00e4umer, Bluetooth-Technologie, per App steuerbar, Breite: 28 cm, H\u00f6he: 36 cm, Tiefe: 50 cm<\/div>\n<div class=\"details__column\">\n<div class=\"detail__block--wrapper\">\n<div><\/div>\n<\/div>\n<div class=\"detail__block--wrapper\">\n<div>\n<div class=\"detail__block\" data-feature-code=\"classificationCatalog\/1.0\/0060057804.ep60058233\"><\/div>\n<\/div>\n<\/div>\n<div class=\"detail__block--wrapper\">\n<div>\n<div class=\"detail__block\" data-feature-code=\"classificationCatalog\/1.0\/0000000098.gewichtinkg\"><\/div>\n<\/div>\n<\/div>\n<\/div>\n","protected":false},"excerpt":{"rendered":"<p>Abverkauf des Vorf\u00fchrger\u00e4t..<\/p>\n","protected":false},"featured_media":979,"comment_status":"open","ping_status":"closed","template":"","meta":[],"product_brand":[],"product_cat":[35],"product_tag":[64,92,91],"class_list":{"0":"post-978","1":"product","2":"type-product","3":"status-publish","4":"has-post-thumbnail","6":"product_cat-kaffee","7":"product_tag-kaffeevollautomat","8":"product_tag-nicr","9":"product_tag-nivona","11":"first","12":"instock","13":"taxable","14":"shipping-taxable","15":"purchasable","16":"product-type-simple"},"yoast_head":"<!-- This site is optimized with the Yoast SEO plugin v27.4 - https:\/\/yoast.com\/product\/yoast-seo-wordpress\/ -->\n<title>NIVONA NICR 970 - dk: Detlef Kipar<\/title>\n<meta name=\"description\" content=\"Nivona, NICR, NICR970, Kaffeevollautomat\" \/>\n<meta name=\"robots\" content=\"index, follow, max-snippet:-1, max-image-preview:large, max-video-preview:-1\" \/>\n<link rel=\"canonical\" href=\"https:\/\/detlef-kipar.de\/wordpress\/produkt\/nivona-nicr-970\/\" \/>\n<meta property=\"og:locale\" content=\"de_DE\" \/>\n<meta property=\"og:type\" content=\"article\" \/>\n<meta property=\"og:title\" content=\"NIVONA NICR 970 - dk: Detlef Kipar\" \/>\n<meta property=\"og:description\" content=\"Nivona, NICR, NICR970, Kaffeevollautomat\" \/>\n<meta property=\"og:url\" content=\"https:\/\/detlef-kipar.de\/wordpress\/produkt\/nivona-nicr-970\/\" \/>\n<meta property=\"og:site_name\" content=\"dk: Detlef Kipar\" \/>\n<meta property=\"article:modified_time\" content=\"2023-06-30T22:09:42+00:00\" \/>\n<meta property=\"og:image\" content=\"https:\/\/detlef-kipar.de\/wordpress\/wp-content\/uploads\/2023\/05\/NICR970.webp\" \/>\n\t<meta property=\"og:image:width\" content=\"758\" \/>\n\t<meta property=\"og:image:height\" content=\"800\" \/>\n\t<meta property=\"og:image:type\" content=\"image\/webp\" \/>\n<meta name=\"twitter:card\" content=\"summary_large_image\" \/>\n<meta name=\"twitter:label1\" content=\"Gesch\u00e4tzte Lesezeit\" \/>\n\t<meta name=\"twitter:data1\" content=\"1\u00a0Minute\" \/>\n<script type=\"application\/ld+json\" class=\"yoast-schema-graph\">{\"@context\":\"https:\\\/\\\/schema.org\",\"@graph\":[{\"@type\":\"WebPage\",\"@id\":\"https:\\\/\\\/detlef-kipar.de\\\/wordpress\\\/produkt\\\/nivona-nicr-970\\\/\",\"url\":\"https:\\\/\\\/detlef-kipar.de\\\/wordpress\\\/produkt\\\/nivona-nicr-970\\\/\",\"name\":\"NIVONA NICR 970 - dk: Detlef Kipar\",\"isPartOf\":{\"@id\":\"https:\\\/\\\/detlef-kipar.de\\\/wordpress\\\/#website\"},\"primaryImageOfPage\":{\"@id\":\"https:\\\/\\\/detlef-kipar.de\\\/wordpress\\\/produkt\\\/nivona-nicr-970\\\/#primaryimage\"},\"image\":{\"@id\":\"https:\\\/\\\/detlef-kipar.de\\\/wordpress\\\/produkt\\\/nivona-nicr-970\\\/#primaryimage\"},\"thumbnailUrl\":\"https:\\\/\\\/detlef-kipar.de\\\/wordpress\\\/wp-content\\\/uploads\\\/2023\\\/05\\\/NICR970.webp\",\"datePublished\":\"2023-05-07T14:13:46+00:00\",\"dateModified\":\"2023-06-30T22:09:42+00:00\",\"description\":\"Nivona, NICR, NICR970, Kaffeevollautomat\",\"breadcrumb\":{\"@id\":\"https:\\\/\\\/detlef-kipar.de\\\/wordpress\\\/produkt\\\/nivona-nicr-970\\\/#breadcrumb\"},\"inLanguage\":\"de\",\"potentialAction\":[{\"@type\":\"ReadAction\",\"target\":[\"https:\\\/\\\/detlef-kipar.de\\\/wordpress\\\/produkt\\\/nivona-nicr-970\\\/\"]}]},{\"@type\":\"ImageObject\",\"inLanguage\":\"de\",\"@id\":\"https:\\\/\\\/detlef-kipar.de\\\/wordpress\\\/produkt\\\/nivona-nicr-970\\\/#primaryimage\",\"url\":\"https:\\\/\\\/detlef-kipar.de\\\/wordpress\\\/wp-content\\\/uploads\\\/2023\\\/05\\\/NICR970.webp\",\"contentUrl\":\"https:\\\/\\\/detlef-kipar.de\\\/wordpress\\\/wp-content\\\/uploads\\\/2023\\\/05\\\/NICR970.webp\",\"width\":758,\"height\":800},{\"@type\":\"BreadcrumbList\",\"@id\":\"https:\\\/\\\/detlef-kipar.de\\\/wordpress\\\/produkt\\\/nivona-nicr-970\\\/#breadcrumb\",\"itemListElement\":[{\"@type\":\"ListItem\",\"position\":1,\"name\":\"Startseite\",\"item\":\"https:\\\/\\\/detlef-kipar.de\\\/wordpress\\\/\"},{\"@type\":\"ListItem\",\"position\":2,\"name\":\"NIVONA NICR 970\"}]},{\"@type\":\"WebSite\",\"@id\":\"https:\\\/\\\/detlef-kipar.de\\\/wordpress\\\/#website\",\"url\":\"https:\\\/\\\/detlef-kipar.de\\\/wordpress\\\/\",\"name\":\"dk: Detlef Kipar\",\"description\":\"\",\"potentialAction\":[{\"@type\":\"SearchAction\",\"target\":{\"@type\":\"EntryPoint\",\"urlTemplate\":\"https:\\\/\\\/detlef-kipar.de\\\/wordpress\\\/?s={search_term_string}\"},\"query-input\":{\"@type\":\"PropertyValueSpecification\",\"valueRequired\":true,\"valueName\":\"search_term_string\"}}],\"inLanguage\":\"de\"}]}<\/script>\n<!-- \/ Yoast SEO plugin. -->","yoast_head_json":{"title":"NIVONA NICR 970 - dk: Detlef Kipar","description":"Nivona, NICR, NICR970, Kaffeevollautomat","robots":{"index":"index","follow":"follow","max-snippet":"max-snippet:-1","max-image-preview":"max-image-preview:large","max-video-preview":"max-video-preview:-1"},"canonical":"https:\/\/detlef-kipar.de\/wordpress\/produkt\/nivona-nicr-970\/","og_locale":"de_DE","og_type":"article","og_title":"NIVONA NICR 970 - dk: Detlef Kipar","og_description":"Nivona, NICR, NICR970, Kaffeevollautomat","og_url":"https:\/\/detlef-kipar.de\/wordpress\/produkt\/nivona-nicr-970\/","og_site_name":"dk: Detlef Kipar","article_modified_time":"2023-06-30T22:09:42+00:00","og_image":[{"width":758,"height":800,"url":"https:\/\/detlef-kipar.de\/wordpress\/wp-content\/uploads\/2023\/05\/NICR970.webp","type":"image\/webp"}],"twitter_card":"summary_large_image","twitter_misc":{"Gesch\u00e4tzte Lesezeit":"1\u00a0Minute"},"schema":{"@context":"https:\/\/schema.org","@graph":[{"@type":"WebPage","@id":"https:\/\/detlef-kipar.de\/wordpress\/produkt\/nivona-nicr-970\/","url":"https:\/\/detlef-kipar.de\/wordpress\/produkt\/nivona-nicr-970\/","name":"NIVONA NICR 970 - dk: Detlef Kipar","isPartOf":{"@id":"https:\/\/detlef-kipar.de\/wordpress\/#website"},"primaryImageOfPage":{"@id":"https:\/\/detlef-kipar.de\/wordpress\/produkt\/nivona-nicr-970\/#primaryimage"},"image":{"@id":"https:\/\/detlef-kipar.de\/wordpress\/produkt\/nivona-nicr-970\/#primaryimage"},"thumbnailUrl":"https:\/\/detlef-kipar.de\/wordpress\/wp-content\/uploads\/2023\/05\/NICR970.webp","datePublished":"2023-05-07T14:13:46+00:00","dateModified":"2023-06-30T22:09:42+00:00","description":"Nivona, NICR, NICR970, Kaffeevollautomat","breadcrumb":{"@id":"https:\/\/detlef-kipar.de\/wordpress\/produkt\/nivona-nicr-970\/#breadcrumb"},"inLanguage":"de","potentialAction":[{"@type":"ReadAction","target":["https:\/\/detlef-kipar.de\/wordpress\/produkt\/nivona-nicr-970\/"]}]},{"@type":"ImageObject","inLanguage":"de","@id":"https:\/\/detlef-kipar.de\/wordpress\/produkt\/nivona-nicr-970\/#primaryimage","url":"https:\/\/detlef-kipar.de\/wordpress\/wp-content\/uploads\/2023\/05\/NICR970.webp","contentUrl":"https:\/\/detlef-kipar.de\/wordpress\/wp-content\/uploads\/2023\/05\/NICR970.webp","width":758,"height":800},{"@type":"BreadcrumbList","@id":"https:\/\/detlef-kipar.de\/wordpress\/produkt\/nivona-nicr-970\/#breadcrumb","itemListElement":[{"@type":"ListItem","position":1,"name":"Startseite","item":"https:\/\/detlef-kipar.de\/wordpress\/"},{"@type":"ListItem","position":2,"name":"NIVONA NICR 970"}]},{"@type":"WebSite","@id":"https:\/\/detlef-kipar.de\/wordpress\/#website","url":"https:\/\/detlef-kipar.de\/wordpress\/","name":"dk: Detlef Kipar","description":"","potentialAction":[{"@type":"SearchAction","target":{"@type":"EntryPoint","urlTemplate":"https:\/\/detlef-kipar.de\/wordpress\/?s={search_term_string}"},"query-input":{"@type":"PropertyValueSpecification","valueRequired":true,"valueName":"search_term_string"}}],"inLanguage":"de"}]}},"jetpack_sharing_enabled":true,"_links":{"self":[{"href":"https:\/\/detlef-kipar.de\/wordpress\/wp-json\/wp\/v2\/product\/978","targetHints":{"allow":["GET"]}}],"collection":[{"href":"https:\/\/detlef-kipar.de\/wordpress\/wp-json\/wp\/v2\/product"}],"about":[{"href":"https:\/\/detlef-kipar.de\/wordpress\/wp-json\/wp\/v2\/types\/product"}],"replies":[{"embeddable":true,"href":"https:\/\/detlef-kipar.de\/wordpress\/wp-json\/wp\/v2\/comments?post=978"}],"wp:featuredmedia":[{"embeddable":true,"href":"https:\/\/detlef-kipar.de\/wordpress\/wp-json\/wp\/v2\/media\/979"}],"wp:attachment":[{"href":"https:\/\/detlef-kipar.de\/wordpress\/wp-json\/wp\/v2\/media?parent=978"}],"wp:term":[{"taxonomy":"product_brand","embeddable":true,"href":"https:\/\/detlef-kipar.de\/wordpress\/wp-json\/wp\/v2\/product_brand?post=978"},{"taxonomy":"product_cat","embeddable":true,"href":"https:\/\/detlef-kipar.de\/wordpress\/wp-json\/wp\/v2\/product_cat?post=978"},{"taxonomy":"product_tag","embeddable":true,"href":"https:\/\/detlef-kipar.de\/wordpress\/wp-json\/wp\/v2\/product_tag?post=978"}],"curies":[{"name":"wp","href":"https:\/\/api.w.org\/{rel}","templated":true}]}}