{"id":647,"date":"2018-12-09T19:06:12","date_gmt":"2018-12-09T18:06:12","guid":{"rendered":"http:\/\/www.detlef-kipar.de\/?post_type=product&#038;p=647"},"modified":"2023-05-07T11:57:35","modified_gmt":"2023-05-07T09:57:35","slug":"technisat-digitradio-3-2","status":"publish","type":"product","link":"https:\/\/detlef-kipar.de\/wordpress\/produkt\/technisat-digitradio-3-2\/","title":{"rendered":"TechniSat DigitRadio 3"},"content":{"rendered":"<p>DAB+\/UKW\/CD-Stereoradio mit Bluetooth-Audiostreaming<\/p>\n<p>Das DIGITRADIO 3 ist ein DAB+ Digitalradio der Spitzenklasse \u201eMade in Germany\u201c. In elegantem Design mit hochwertiger Aluminium-Front punktet das DIGITRADIO 3 zudem mit zahlreichen Komfortfunktionen. Sie genie\u00dfen die bundesweite und regionale Radio-Programmvielfalt \u00fcber UKW und in digitaler Qualit\u00e4t \u00fcber DAB+. Die intuitive Drehregler-Steuerung, die mitgelieferte Fernbedienung und das komfortable OLED-Display erlauben, m\u00fchelos auf alle Funktionen zuzugreifen. \u00dcber Bluetooth empf\u00e4ngt das DIGITRADIO 3 kabellos digitale Audio-Streams von Mobilger\u00e4ten. So k\u00f6nnen Sie Musik oder H\u00f6rspiele vom Smartphone spielend leicht auf Ihrem Radio h\u00f6ren. Per USB l\u00e4sst sich zudem Musik von externen USB-Datentr\u00e4gern abspielen. Auch Musikliebhaber mit gro\u00dfer CD-Sammlung kommen dank des integrierten CD-Players voll auf ihre Kosten. Hier verf\u00fcgt das DIGITRADIO 3 \u00fcber eine Resume-Funktion \u2013 die CD spielt also genau dort weiter, wo sie zuletzt gestoppt wurde.<\/p>\n<p>Damit bietet das DIGITRADIO 3 ein erstklassiges Gesamtpaket \u2013 perfekter Sound inklusive. Denn das Digitalradio verf\u00fcgt \u00fcber zwei 10-Watt-Lautsprecher vom Soundspezialisten ELAC, die durch eine optimierte Anordnung f\u00fcr einen perfekten Stereo-Eindruck sorgen \u2013 unabh\u00e4ngig davon, wo Sie sich gerade im Raum befinden. Das DIGITRADIO 3 liefert einen ausgewogenen Sound, der nach pers\u00f6nlicher Klangpr\u00e4ferenz \u00fcber den Equalizer angepasst werden kann.<\/p>\n","protected":false},"excerpt":{"rendered":"<p>DAB+\/UKW\/CD-Stereoradio mit Bluetooth-Audiostreaming Das DIGITRADIO 3 ist ein DAB+ Digitalradio der Spitzenklasse \u201eMade in Germany\u201c. In elegantem Design mit hochwertiger Aluminium-Front punktet das DIGITRADIO 3 zudem mit zahlreichen Komfortfunktionen. Sie genie\u00dfen die bundesweite und regionale Radio-Programmvielfalt \u00fcber UKW und in digitaler Qualit\u00e4t \u00fcber DAB+. Die intuitive Drehregler-Steuerung, die mitgelieferte Fernbedienung und das komfortable OLED-Display erlauben, [&hellip;]<\/p>\n","protected":false},"featured_media":642,"comment_status":"open","ping_status":"closed","template":"","meta":[],"product_brand":[],"product_cat":[36],"product_tag":[51,50],"class_list":{"0":"post-647","1":"product","2":"type-product","3":"status-publish","4":"has-post-thumbnail","6":"product_cat-audiogeraete","7":"product_tag-digitradio","8":"product_tag-technisat","10":"first","11":"instock","12":"taxable","13":"shipping-taxable","14":"purchasable","15":"product-type-simple"},"yoast_head":"<!-- This site is optimized with the Yoast SEO plugin v27.4 - https:\/\/yoast.com\/product\/yoast-seo-wordpress\/ -->\n<title>TechniSat DigitRadio 3 - dk: Detlef Kipar<\/title>\n<meta name=\"description\" content=\"TechniSat, DigitRadio\" \/>\n<meta name=\"robots\" content=\"index, follow, max-snippet:-1, max-image-preview:large, max-video-preview:-1\" \/>\n<link rel=\"canonical\" href=\"https:\/\/detlef-kipar.de\/wordpress\/produkt\/technisat-digitradio-3-2\/\" \/>\n<meta property=\"og:locale\" content=\"de_DE\" \/>\n<meta property=\"og:type\" content=\"article\" \/>\n<meta property=\"og:title\" content=\"TechniSat DigitRadio 3 - dk: Detlef Kipar\" \/>\n<meta property=\"og:description\" content=\"TechniSat, DigitRadio\" \/>\n<meta property=\"og:url\" content=\"https:\/\/detlef-kipar.de\/wordpress\/produkt\/technisat-digitradio-3-2\/\" \/>\n<meta property=\"og:site_name\" content=\"dk: Detlef Kipar\" \/>\n<meta property=\"article:modified_time\" content=\"2023-05-07T09:57:35+00:00\" \/>\n<meta property=\"og:image\" content=\"https:\/\/detlef-kipar.de\/wordpress\/wp-content\/uploads\/DIGITRADIO_3_Schr\u00e4g_Links_D10000150522352.jpg\" \/>\n\t<meta property=\"og:image:width\" content=\"952\" \/>\n\t<meta property=\"og:image:height\" content=\"500\" \/>\n\t<meta property=\"og:image:type\" content=\"image\/jpeg\" \/>\n<meta name=\"twitter:card\" content=\"summary_large_image\" \/>\n<meta name=\"twitter:label1\" content=\"Gesch\u00e4tzte Lesezeit\" \/>\n\t<meta name=\"twitter:data1\" content=\"2\u00a0Minuten\" \/>\n<script type=\"application\/ld+json\" class=\"yoast-schema-graph\">{\"@context\":\"https:\\\/\\\/schema.org\",\"@graph\":[{\"@type\":\"WebPage\",\"@id\":\"https:\\\/\\\/detlef-kipar.de\\\/wordpress\\\/produkt\\\/technisat-digitradio-3-2\\\/\",\"url\":\"https:\\\/\\\/detlef-kipar.de\\\/wordpress\\\/produkt\\\/technisat-digitradio-3-2\\\/\",\"name\":\"TechniSat DigitRadio 3 - dk: Detlef Kipar\",\"isPartOf\":{\"@id\":\"https:\\\/\\\/detlef-kipar.de\\\/wordpress\\\/#website\"},\"primaryImageOfPage\":{\"@id\":\"https:\\\/\\\/detlef-kipar.de\\\/wordpress\\\/produkt\\\/technisat-digitradio-3-2\\\/#primaryimage\"},\"image\":{\"@id\":\"https:\\\/\\\/detlef-kipar.de\\\/wordpress\\\/produkt\\\/technisat-digitradio-3-2\\\/#primaryimage\"},\"thumbnailUrl\":\"https:\\\/\\\/detlef-kipar.de\\\/wordpress\\\/wp-content\\\/uploads\\\/DIGITRADIO_3_Schr\u00e4g_Links_D10000150522352.jpg\",\"datePublished\":\"2018-12-09T18:06:12+00:00\",\"dateModified\":\"2023-05-07T09:57:35+00:00\",\"description\":\"TechniSat, DigitRadio\",\"breadcrumb\":{\"@id\":\"https:\\\/\\\/detlef-kipar.de\\\/wordpress\\\/produkt\\\/technisat-digitradio-3-2\\\/#breadcrumb\"},\"inLanguage\":\"de\",\"potentialAction\":[{\"@type\":\"ReadAction\",\"target\":[\"https:\\\/\\\/detlef-kipar.de\\\/wordpress\\\/produkt\\\/technisat-digitradio-3-2\\\/\"]}]},{\"@type\":\"ImageObject\",\"inLanguage\":\"de\",\"@id\":\"https:\\\/\\\/detlef-kipar.de\\\/wordpress\\\/produkt\\\/technisat-digitradio-3-2\\\/#primaryimage\",\"url\":\"https:\\\/\\\/detlef-kipar.de\\\/wordpress\\\/wp-content\\\/uploads\\\/DIGITRADIO_3_Schr\u00e4g_Links_D10000150522352.jpg\",\"contentUrl\":\"https:\\\/\\\/detlef-kipar.de\\\/wordpress\\\/wp-content\\\/uploads\\\/DIGITRADIO_3_Schr\u00e4g_Links_D10000150522352.jpg\",\"width\":952,\"height\":500},{\"@type\":\"BreadcrumbList\",\"@id\":\"https:\\\/\\\/detlef-kipar.de\\\/wordpress\\\/produkt\\\/technisat-digitradio-3-2\\\/#breadcrumb\",\"itemListElement\":[{\"@type\":\"ListItem\",\"position\":1,\"name\":\"Startseite\",\"item\":\"https:\\\/\\\/detlef-kipar.de\\\/wordpress\\\/\"},{\"@type\":\"ListItem\",\"position\":2,\"name\":\"TechniSat DigitRadio 3\"}]},{\"@type\":\"WebSite\",\"@id\":\"https:\\\/\\\/detlef-kipar.de\\\/wordpress\\\/#website\",\"url\":\"https:\\\/\\\/detlef-kipar.de\\\/wordpress\\\/\",\"name\":\"dk: Detlef Kipar\",\"description\":\"\",\"potentialAction\":[{\"@type\":\"SearchAction\",\"target\":{\"@type\":\"EntryPoint\",\"urlTemplate\":\"https:\\\/\\\/detlef-kipar.de\\\/wordpress\\\/?s={search_term_string}\"},\"query-input\":{\"@type\":\"PropertyValueSpecification\",\"valueRequired\":true,\"valueName\":\"search_term_string\"}}],\"inLanguage\":\"de\"}]}<\/script>\n<!-- \/ Yoast SEO plugin. -->","yoast_head_json":{"title":"TechniSat DigitRadio 3 - dk: Detlef Kipar","description":"TechniSat, DigitRadio","robots":{"index":"index","follow":"follow","max-snippet":"max-snippet:-1","max-image-preview":"max-image-preview:large","max-video-preview":"max-video-preview:-1"},"canonical":"https:\/\/detlef-kipar.de\/wordpress\/produkt\/technisat-digitradio-3-2\/","og_locale":"de_DE","og_type":"article","og_title":"TechniSat DigitRadio 3 - dk: Detlef Kipar","og_description":"TechniSat, DigitRadio","og_url":"https:\/\/detlef-kipar.de\/wordpress\/produkt\/technisat-digitradio-3-2\/","og_site_name":"dk: Detlef Kipar","article_modified_time":"2023-05-07T09:57:35+00:00","og_image":[{"width":952,"height":500,"url":"https:\/\/detlef-kipar.de\/wordpress\/wp-content\/uploads\/DIGITRADIO_3_Schr\u00e4g_Links_D10000150522352.jpg","type":"image\/jpeg"}],"twitter_card":"summary_large_image","twitter_misc":{"Gesch\u00e4tzte Lesezeit":"2\u00a0Minuten"},"schema":{"@context":"https:\/\/schema.org","@graph":[{"@type":"WebPage","@id":"https:\/\/detlef-kipar.de\/wordpress\/produkt\/technisat-digitradio-3-2\/","url":"https:\/\/detlef-kipar.de\/wordpress\/produkt\/technisat-digitradio-3-2\/","name":"TechniSat DigitRadio 3 - dk: Detlef Kipar","isPartOf":{"@id":"https:\/\/detlef-kipar.de\/wordpress\/#website"},"primaryImageOfPage":{"@id":"https:\/\/detlef-kipar.de\/wordpress\/produkt\/technisat-digitradio-3-2\/#primaryimage"},"image":{"@id":"https:\/\/detlef-kipar.de\/wordpress\/produkt\/technisat-digitradio-3-2\/#primaryimage"},"thumbnailUrl":"https:\/\/detlef-kipar.de\/wordpress\/wp-content\/uploads\/DIGITRADIO_3_Schr\u00e4g_Links_D10000150522352.jpg","datePublished":"2018-12-09T18:06:12+00:00","dateModified":"2023-05-07T09:57:35+00:00","description":"TechniSat, DigitRadio","breadcrumb":{"@id":"https:\/\/detlef-kipar.de\/wordpress\/produkt\/technisat-digitradio-3-2\/#breadcrumb"},"inLanguage":"de","potentialAction":[{"@type":"ReadAction","target":["https:\/\/detlef-kipar.de\/wordpress\/produkt\/technisat-digitradio-3-2\/"]}]},{"@type":"ImageObject","inLanguage":"de","@id":"https:\/\/detlef-kipar.de\/wordpress\/produkt\/technisat-digitradio-3-2\/#primaryimage","url":"https:\/\/detlef-kipar.de\/wordpress\/wp-content\/uploads\/DIGITRADIO_3_Schr\u00e4g_Links_D10000150522352.jpg","contentUrl":"https:\/\/detlef-kipar.de\/wordpress\/wp-content\/uploads\/DIGITRADIO_3_Schr\u00e4g_Links_D10000150522352.jpg","width":952,"height":500},{"@type":"BreadcrumbList","@id":"https:\/\/detlef-kipar.de\/wordpress\/produkt\/technisat-digitradio-3-2\/#breadcrumb","itemListElement":[{"@type":"ListItem","position":1,"name":"Startseite","item":"https:\/\/detlef-kipar.de\/wordpress\/"},{"@type":"ListItem","position":2,"name":"TechniSat DigitRadio 3"}]},{"@type":"WebSite","@id":"https:\/\/detlef-kipar.de\/wordpress\/#website","url":"https:\/\/detlef-kipar.de\/wordpress\/","name":"dk: Detlef Kipar","description":"","potentialAction":[{"@type":"SearchAction","target":{"@type":"EntryPoint","urlTemplate":"https:\/\/detlef-kipar.de\/wordpress\/?s={search_term_string}"},"query-input":{"@type":"PropertyValueSpecification","valueRequired":true,"valueName":"search_term_string"}}],"inLanguage":"de"}]}},"jetpack_sharing_enabled":true,"_links":{"self":[{"href":"https:\/\/detlef-kipar.de\/wordpress\/wp-json\/wp\/v2\/product\/647","targetHints":{"allow":["GET"]}}],"collection":[{"href":"https:\/\/detlef-kipar.de\/wordpress\/wp-json\/wp\/v2\/product"}],"about":[{"href":"https:\/\/detlef-kipar.de\/wordpress\/wp-json\/wp\/v2\/types\/product"}],"replies":[{"embeddable":true,"href":"https:\/\/detlef-kipar.de\/wordpress\/wp-json\/wp\/v2\/comments?post=647"}],"wp:featuredmedia":[{"embeddable":true,"href":"https:\/\/detlef-kipar.de\/wordpress\/wp-json\/wp\/v2\/media\/642"}],"wp:attachment":[{"href":"https:\/\/detlef-kipar.de\/wordpress\/wp-json\/wp\/v2\/media?parent=647"}],"wp:term":[{"taxonomy":"product_brand","embeddable":true,"href":"https:\/\/detlef-kipar.de\/wordpress\/wp-json\/wp\/v2\/product_brand?post=647"},{"taxonomy":"product_cat","embeddable":true,"href":"https:\/\/detlef-kipar.de\/wordpress\/wp-json\/wp\/v2\/product_cat?post=647"},{"taxonomy":"product_tag","embeddable":true,"href":"https:\/\/detlef-kipar.de\/wordpress\/wp-json\/wp\/v2\/product_tag?post=647"}],"curies":[{"name":"wp","href":"https:\/\/api.w.org\/{rel}","templated":true}]}}