{"id":639,"date":"2018-12-09T18:42:10","date_gmt":"2018-12-09T17:42:10","guid":{"rendered":"http:\/\/www.detlef-kipar.de\/?post_type=product&#038;p=639"},"modified":"2023-05-07T11:58:27","modified_gmt":"2023-05-07T09:58:27","slug":"technisat-digitradio-1","status":"publish","type":"product","link":"https:\/\/detlef-kipar.de\/wordpress\/produkt\/technisat-digitradio-1\/","title":{"rendered":"TechniSat DigitRadio 1"},"content":{"rendered":"<p>Portables DAB+\/UKW-Radio mit integriertem Akku<\/p>\n<p>DAB+ Digitalradio &#8222;Made in Germany&#8220;! Das DIGITRADIO 1 wird in Deutschland entwickelt wie auch produziert und begeistert mit einem auff\u00e4lligen Design. \u00dcber das gro\u00dfe, verchromte Steuerelement und \u00fcbersichtliche Funktionstasten auf der Frontseite navigieren Sie sehr einfach durch die Men\u00fcs, die auf dem scharfen OLED-Display dargestellt werden. Der integrierte Lautsprecher wird von einem speziellen, unverwechselbar gestalteten Gitter gesch\u00fctzt. Das Ger\u00e4t zeichnet sich dar\u00fcber hinaus durch h\u00f6chste Mobilit\u00e4t aus. Im Geh\u00e4use ist ein leistungsstarker Akku verbaut, der sich mit wenigen Handgriffen wechseln l\u00e4sst und auch unterwegs f\u00fcr bis zu 10 Stunden Radiogenuss sorgt. Zudem k\u00f6nnen Sie bis zu je 20 Favoritensender f\u00fcr DAB+ und UKW anlegen und speichern.<\/p>\n","protected":false},"excerpt":{"rendered":"<p>Portables DAB+\/UKW-Radio mit integriertem Akku DAB+ Digitalradio &#8222;Made in Germany&#8220;! Das DIGITRADIO 1 wird in Deutschland entwickelt wie auch produziert und begeistert mit einem auff\u00e4lligen Design. \u00dcber das gro\u00dfe, verchromte Steuerelement und \u00fcbersichtliche Funktionstasten auf der Frontseite navigieren Sie sehr einfach durch die Men\u00fcs, die auf dem scharfen OLED-Display dargestellt werden. Der integrierte Lautsprecher wird [&hellip;]<\/p>\n","protected":false},"featured_media":640,"comment_status":"open","ping_status":"closed","template":"","meta":[],"product_brand":[],"product_cat":[36],"product_tag":[51,50],"class_list":{"0":"post-639","1":"product","2":"type-product","3":"status-publish","4":"has-post-thumbnail","6":"product_cat-audiogeraete","7":"product_tag-digitradio","8":"product_tag-technisat","10":"first","11":"instock","12":"taxable","13":"shipping-taxable","14":"purchasable","15":"product-type-simple"},"yoast_head":"<!-- This site is optimized with the Yoast SEO plugin v27.5 - https:\/\/yoast.com\/product\/yoast-seo-wordpress\/ -->\n<title>TechniSat DigitRadio 1 - dk: Detlef Kipar<\/title>\n<meta name=\"description\" content=\"TechniSat, DAB+, Radio\" \/>\n<meta name=\"robots\" content=\"index, follow, max-snippet:-1, max-image-preview:large, max-video-preview:-1\" \/>\n<link rel=\"canonical\" href=\"https:\/\/detlef-kipar.de\/wordpress\/produkt\/technisat-digitradio-1\/\" \/>\n<meta property=\"og:locale\" content=\"de_DE\" \/>\n<meta property=\"og:type\" content=\"article\" \/>\n<meta property=\"og:title\" content=\"TechniSat DigitRadio 1 - dk: Detlef Kipar\" \/>\n<meta property=\"og:description\" content=\"TechniSat, DAB+, Radio\" \/>\n<meta property=\"og:url\" content=\"https:\/\/detlef-kipar.de\/wordpress\/produkt\/technisat-digitradio-1\/\" \/>\n<meta property=\"og:site_name\" content=\"dk: Detlef Kipar\" \/>\n<meta property=\"article:modified_time\" content=\"2023-05-07T09:58:27+00:00\" \/>\n<meta property=\"og:image\" content=\"https:\/\/detlef-kipar.de\/wordpress\/wp-content\/uploads\/DIGITRADIO_1_Schr\u00e4g_Links_D100001805243.jpg\" \/>\n\t<meta property=\"og:image:width\" content=\"697\" \/>\n\t<meta property=\"og:image:height\" content=\"500\" \/>\n\t<meta property=\"og:image:type\" content=\"image\/jpeg\" \/>\n<meta name=\"twitter:card\" content=\"summary_large_image\" \/>\n<meta name=\"twitter:label1\" content=\"Gesch\u00e4tzte Lesezeit\" \/>\n\t<meta name=\"twitter:data1\" content=\"1\u00a0Minute\" \/>\n<script type=\"application\/ld+json\" class=\"yoast-schema-graph\">{\"@context\":\"https:\\\/\\\/schema.org\",\"@graph\":[{\"@type\":\"WebPage\",\"@id\":\"https:\\\/\\\/detlef-kipar.de\\\/wordpress\\\/produkt\\\/technisat-digitradio-1\\\/\",\"url\":\"https:\\\/\\\/detlef-kipar.de\\\/wordpress\\\/produkt\\\/technisat-digitradio-1\\\/\",\"name\":\"TechniSat DigitRadio 1 - dk: Detlef Kipar\",\"isPartOf\":{\"@id\":\"https:\\\/\\\/detlef-kipar.de\\\/wordpress\\\/#website\"},\"primaryImageOfPage\":{\"@id\":\"https:\\\/\\\/detlef-kipar.de\\\/wordpress\\\/produkt\\\/technisat-digitradio-1\\\/#primaryimage\"},\"image\":{\"@id\":\"https:\\\/\\\/detlef-kipar.de\\\/wordpress\\\/produkt\\\/technisat-digitradio-1\\\/#primaryimage\"},\"thumbnailUrl\":\"https:\\\/\\\/detlef-kipar.de\\\/wordpress\\\/wp-content\\\/uploads\\\/DIGITRADIO_1_Schr\u00e4g_Links_D100001805243.jpg\",\"datePublished\":\"2018-12-09T17:42:10+00:00\",\"dateModified\":\"2023-05-07T09:58:27+00:00\",\"description\":\"TechniSat, DAB+, Radio\",\"breadcrumb\":{\"@id\":\"https:\\\/\\\/detlef-kipar.de\\\/wordpress\\\/produkt\\\/technisat-digitradio-1\\\/#breadcrumb\"},\"inLanguage\":\"de\",\"potentialAction\":[{\"@type\":\"ReadAction\",\"target\":[\"https:\\\/\\\/detlef-kipar.de\\\/wordpress\\\/produkt\\\/technisat-digitradio-1\\\/\"]}]},{\"@type\":\"ImageObject\",\"inLanguage\":\"de\",\"@id\":\"https:\\\/\\\/detlef-kipar.de\\\/wordpress\\\/produkt\\\/technisat-digitradio-1\\\/#primaryimage\",\"url\":\"https:\\\/\\\/detlef-kipar.de\\\/wordpress\\\/wp-content\\\/uploads\\\/DIGITRADIO_1_Schr\u00e4g_Links_D100001805243.jpg\",\"contentUrl\":\"https:\\\/\\\/detlef-kipar.de\\\/wordpress\\\/wp-content\\\/uploads\\\/DIGITRADIO_1_Schr\u00e4g_Links_D100001805243.jpg\",\"width\":697,\"height\":500},{\"@type\":\"BreadcrumbList\",\"@id\":\"https:\\\/\\\/detlef-kipar.de\\\/wordpress\\\/produkt\\\/technisat-digitradio-1\\\/#breadcrumb\",\"itemListElement\":[{\"@type\":\"ListItem\",\"position\":1,\"name\":\"Startseite\",\"item\":\"https:\\\/\\\/detlef-kipar.de\\\/wordpress\\\/\"},{\"@type\":\"ListItem\",\"position\":2,\"name\":\"TechniSat DigitRadio 1\"}]},{\"@type\":\"WebSite\",\"@id\":\"https:\\\/\\\/detlef-kipar.de\\\/wordpress\\\/#website\",\"url\":\"https:\\\/\\\/detlef-kipar.de\\\/wordpress\\\/\",\"name\":\"dk: Detlef Kipar\",\"description\":\"\",\"potentialAction\":[{\"@type\":\"SearchAction\",\"target\":{\"@type\":\"EntryPoint\",\"urlTemplate\":\"https:\\\/\\\/detlef-kipar.de\\\/wordpress\\\/?s={search_term_string}\"},\"query-input\":{\"@type\":\"PropertyValueSpecification\",\"valueRequired\":true,\"valueName\":\"search_term_string\"}}],\"inLanguage\":\"de\"}]}<\/script>\n<!-- \/ Yoast SEO plugin. -->","yoast_head_json":{"title":"TechniSat DigitRadio 1 - dk: Detlef Kipar","description":"TechniSat, DAB+, Radio","robots":{"index":"index","follow":"follow","max-snippet":"max-snippet:-1","max-image-preview":"max-image-preview:large","max-video-preview":"max-video-preview:-1"},"canonical":"https:\/\/detlef-kipar.de\/wordpress\/produkt\/technisat-digitradio-1\/","og_locale":"de_DE","og_type":"article","og_title":"TechniSat DigitRadio 1 - dk: Detlef Kipar","og_description":"TechniSat, DAB+, Radio","og_url":"https:\/\/detlef-kipar.de\/wordpress\/produkt\/technisat-digitradio-1\/","og_site_name":"dk: Detlef Kipar","article_modified_time":"2023-05-07T09:58:27+00:00","og_image":[{"width":697,"height":500,"url":"https:\/\/detlef-kipar.de\/wordpress\/wp-content\/uploads\/DIGITRADIO_1_Schr\u00e4g_Links_D100001805243.jpg","type":"image\/jpeg"}],"twitter_card":"summary_large_image","twitter_misc":{"Gesch\u00e4tzte Lesezeit":"1\u00a0Minute"},"schema":{"@context":"https:\/\/schema.org","@graph":[{"@type":"WebPage","@id":"https:\/\/detlef-kipar.de\/wordpress\/produkt\/technisat-digitradio-1\/","url":"https:\/\/detlef-kipar.de\/wordpress\/produkt\/technisat-digitradio-1\/","name":"TechniSat DigitRadio 1 - dk: Detlef Kipar","isPartOf":{"@id":"https:\/\/detlef-kipar.de\/wordpress\/#website"},"primaryImageOfPage":{"@id":"https:\/\/detlef-kipar.de\/wordpress\/produkt\/technisat-digitradio-1\/#primaryimage"},"image":{"@id":"https:\/\/detlef-kipar.de\/wordpress\/produkt\/technisat-digitradio-1\/#primaryimage"},"thumbnailUrl":"https:\/\/detlef-kipar.de\/wordpress\/wp-content\/uploads\/DIGITRADIO_1_Schr\u00e4g_Links_D100001805243.jpg","datePublished":"2018-12-09T17:42:10+00:00","dateModified":"2023-05-07T09:58:27+00:00","description":"TechniSat, DAB+, Radio","breadcrumb":{"@id":"https:\/\/detlef-kipar.de\/wordpress\/produkt\/technisat-digitradio-1\/#breadcrumb"},"inLanguage":"de","potentialAction":[{"@type":"ReadAction","target":["https:\/\/detlef-kipar.de\/wordpress\/produkt\/technisat-digitradio-1\/"]}]},{"@type":"ImageObject","inLanguage":"de","@id":"https:\/\/detlef-kipar.de\/wordpress\/produkt\/technisat-digitradio-1\/#primaryimage","url":"https:\/\/detlef-kipar.de\/wordpress\/wp-content\/uploads\/DIGITRADIO_1_Schr\u00e4g_Links_D100001805243.jpg","contentUrl":"https:\/\/detlef-kipar.de\/wordpress\/wp-content\/uploads\/DIGITRADIO_1_Schr\u00e4g_Links_D100001805243.jpg","width":697,"height":500},{"@type":"BreadcrumbList","@id":"https:\/\/detlef-kipar.de\/wordpress\/produkt\/technisat-digitradio-1\/#breadcrumb","itemListElement":[{"@type":"ListItem","position":1,"name":"Startseite","item":"https:\/\/detlef-kipar.de\/wordpress\/"},{"@type":"ListItem","position":2,"name":"TechniSat DigitRadio 1"}]},{"@type":"WebSite","@id":"https:\/\/detlef-kipar.de\/wordpress\/#website","url":"https:\/\/detlef-kipar.de\/wordpress\/","name":"dk: Detlef Kipar","description":"","potentialAction":[{"@type":"SearchAction","target":{"@type":"EntryPoint","urlTemplate":"https:\/\/detlef-kipar.de\/wordpress\/?s={search_term_string}"},"query-input":{"@type":"PropertyValueSpecification","valueRequired":true,"valueName":"search_term_string"}}],"inLanguage":"de"}]}},"jetpack_sharing_enabled":true,"_links":{"self":[{"href":"https:\/\/detlef-kipar.de\/wordpress\/wp-json\/wp\/v2\/product\/639","targetHints":{"allow":["GET"]}}],"collection":[{"href":"https:\/\/detlef-kipar.de\/wordpress\/wp-json\/wp\/v2\/product"}],"about":[{"href":"https:\/\/detlef-kipar.de\/wordpress\/wp-json\/wp\/v2\/types\/product"}],"replies":[{"embeddable":true,"href":"https:\/\/detlef-kipar.de\/wordpress\/wp-json\/wp\/v2\/comments?post=639"}],"wp:featuredmedia":[{"embeddable":true,"href":"https:\/\/detlef-kipar.de\/wordpress\/wp-json\/wp\/v2\/media\/640"}],"wp:attachment":[{"href":"https:\/\/detlef-kipar.de\/wordpress\/wp-json\/wp\/v2\/media?parent=639"}],"wp:term":[{"taxonomy":"product_brand","embeddable":true,"href":"https:\/\/detlef-kipar.de\/wordpress\/wp-json\/wp\/v2\/product_brand?post=639"},{"taxonomy":"product_cat","embeddable":true,"href":"https:\/\/detlef-kipar.de\/wordpress\/wp-json\/wp\/v2\/product_cat?post=639"},{"taxonomy":"product_tag","embeddable":true,"href":"https:\/\/detlef-kipar.de\/wordpress\/wp-json\/wp\/v2\/product_tag?post=639"}],"curies":[{"name":"wp","href":"https:\/\/api.w.org\/{rel}","templated":true}]}}