{"id":610,"date":"2018-10-28T16:54:17","date_gmt":"2018-10-28T15:54:17","guid":{"rendered":"http:\/\/www.detlef-kipar.de\/?post_type=product&#038;p=610"},"modified":"2026-02-11T09:27:42","modified_gmt":"2026-02-11T08:27:42","slug":"kaffee-bohnen-accento","status":"publish","type":"product","link":"https:\/\/detlef-kipar.de\/wordpress\/produkt\/kaffee-bohnen-accento\/","title":{"rendered":"Kaffee Bohnen Accento"},"content":{"rendered":"<p class=\"ng-binding ng-scope\">Kaffee, Bohnen, 1.000g Paket<\/p>\n<p class=\"ng-binding ng-scope\">Ialienisch ger\u00f6stete Bohnen in einer ausgekl\u00fcgelten Mischung aus<br \/>\nhochwertigen Arabica- und Robusta-Bohnen 50\/50.<br \/>\nSowohl als Filterkaffee als auch als Bohne f\u00fcr Vollautomaten zeigt er<br \/>\nseine Qualit\u00e4ten: ein elegantes Aroma und trotzdem voll und kr\u00e4ftig. Im<br \/>\nNachgeschmack bleibt eine zartbitter-schokoladige Note zur\u00fcck.<\/p>\n","protected":false},"excerpt":{"rendered":"<p>Kaffee, Bohnen, 1.000g Paket Ialienisch ger\u00f6stete Bohnen in einer ausgekl\u00fcgelten Mischung aus hochwertigen Arabica- und Robusta-Bohnen 50\/50. Sowohl als Filterkaffee als auch als Bohne f\u00fcr Vollautomaten zeigt er seine Qualit\u00e4ten: ein elegantes Aroma und trotzdem voll und kr\u00e4ftig. Im Nachgeschmack bleibt eine zartbitter-schokoladige Note zur\u00fcck.<\/p>\n","protected":false},"featured_media":903,"comment_status":"open","ping_status":"closed","template":"","meta":[],"product_brand":[],"product_cat":[35],"product_tag":[40,39,96],"class_list":{"0":"post-610","1":"product","2":"type-product","3":"status-publish","4":"has-post-thumbnail","6":"product_cat-kaffee","7":"product_tag-bohnen","8":"product_tag-kaffee","9":"product_tag-kaffeebohnen","11":"first","12":"instock","13":"sale","14":"taxable","15":"shipping-taxable","16":"purchasable","17":"product-type-simple"},"yoast_head":"<!-- This site is optimized with the Yoast SEO plugin v27.4 - https:\/\/yoast.com\/product\/yoast-seo-wordpress\/ -->\n<title>Kaffee Bohnen Accento - dk: Detlef Kipar<\/title>\n<meta name=\"description\" content=\"Kaffee, Kaffeebohnen\" \/>\n<meta name=\"robots\" content=\"index, follow, max-snippet:-1, max-image-preview:large, max-video-preview:-1\" \/>\n<link rel=\"canonical\" href=\"https:\/\/detlef-kipar.de\/wordpress\/produkt\/kaffee-bohnen-accento\/\" \/>\n<meta property=\"og:locale\" content=\"de_DE\" \/>\n<meta property=\"og:type\" content=\"article\" \/>\n<meta property=\"og:title\" content=\"Kaffee Bohnen Accento - dk: Detlef Kipar\" \/>\n<meta property=\"og:description\" content=\"Kaffee, Kaffeebohnen\" \/>\n<meta property=\"og:url\" content=\"https:\/\/detlef-kipar.de\/wordpress\/produkt\/kaffee-bohnen-accento\/\" \/>\n<meta property=\"og:site_name\" content=\"dk: Detlef Kipar\" \/>\n<meta property=\"article:modified_time\" content=\"2026-02-11T08:27:42+00:00\" \/>\n<meta property=\"og:image\" content=\"https:\/\/detlef-kipar.de\/wordpress\/wp-content\/uploads\/2018\/10\/Accento.webp\" \/>\n\t<meta property=\"og:image:width\" content=\"333\" \/>\n\t<meta property=\"og:image:height\" content=\"800\" \/>\n\t<meta property=\"og:image:type\" content=\"image\/webp\" \/>\n<meta name=\"twitter:card\" content=\"summary_large_image\" \/>\n<meta name=\"twitter:label1\" content=\"Gesch\u00e4tzte Lesezeit\" \/>\n\t<meta name=\"twitter:data1\" content=\"1\u00a0Minute\" \/>\n<script type=\"application\/ld+json\" class=\"yoast-schema-graph\">{\"@context\":\"https:\\\/\\\/schema.org\",\"@graph\":[{\"@type\":\"WebPage\",\"@id\":\"https:\\\/\\\/detlef-kipar.de\\\/wordpress\\\/produkt\\\/kaffee-bohnen-accento\\\/\",\"url\":\"https:\\\/\\\/detlef-kipar.de\\\/wordpress\\\/produkt\\\/kaffee-bohnen-accento\\\/\",\"name\":\"Kaffee Bohnen Accento - dk: Detlef Kipar\",\"isPartOf\":{\"@id\":\"https:\\\/\\\/detlef-kipar.de\\\/wordpress\\\/#website\"},\"primaryImageOfPage\":{\"@id\":\"https:\\\/\\\/detlef-kipar.de\\\/wordpress\\\/produkt\\\/kaffee-bohnen-accento\\\/#primaryimage\"},\"image\":{\"@id\":\"https:\\\/\\\/detlef-kipar.de\\\/wordpress\\\/produkt\\\/kaffee-bohnen-accento\\\/#primaryimage\"},\"thumbnailUrl\":\"https:\\\/\\\/detlef-kipar.de\\\/wordpress\\\/wp-content\\\/uploads\\\/2018\\\/10\\\/Accento.webp\",\"datePublished\":\"2018-10-28T15:54:17+00:00\",\"dateModified\":\"2026-02-11T08:27:42+00:00\",\"description\":\"Kaffee, Kaffeebohnen\",\"breadcrumb\":{\"@id\":\"https:\\\/\\\/detlef-kipar.de\\\/wordpress\\\/produkt\\\/kaffee-bohnen-accento\\\/#breadcrumb\"},\"inLanguage\":\"de\",\"potentialAction\":[{\"@type\":\"ReadAction\",\"target\":[\"https:\\\/\\\/detlef-kipar.de\\\/wordpress\\\/produkt\\\/kaffee-bohnen-accento\\\/\"]}]},{\"@type\":\"ImageObject\",\"inLanguage\":\"de\",\"@id\":\"https:\\\/\\\/detlef-kipar.de\\\/wordpress\\\/produkt\\\/kaffee-bohnen-accento\\\/#primaryimage\",\"url\":\"https:\\\/\\\/detlef-kipar.de\\\/wordpress\\\/wp-content\\\/uploads\\\/2018\\\/10\\\/Accento.webp\",\"contentUrl\":\"https:\\\/\\\/detlef-kipar.de\\\/wordpress\\\/wp-content\\\/uploads\\\/2018\\\/10\\\/Accento.webp\",\"width\":333,\"height\":800},{\"@type\":\"BreadcrumbList\",\"@id\":\"https:\\\/\\\/detlef-kipar.de\\\/wordpress\\\/produkt\\\/kaffee-bohnen-accento\\\/#breadcrumb\",\"itemListElement\":[{\"@type\":\"ListItem\",\"position\":1,\"name\":\"Startseite\",\"item\":\"https:\\\/\\\/detlef-kipar.de\\\/wordpress\\\/\"},{\"@type\":\"ListItem\",\"position\":2,\"name\":\"Kaffee Bohnen Accento\"}]},{\"@type\":\"WebSite\",\"@id\":\"https:\\\/\\\/detlef-kipar.de\\\/wordpress\\\/#website\",\"url\":\"https:\\\/\\\/detlef-kipar.de\\\/wordpress\\\/\",\"name\":\"dk: Detlef Kipar\",\"description\":\"\",\"potentialAction\":[{\"@type\":\"SearchAction\",\"target\":{\"@type\":\"EntryPoint\",\"urlTemplate\":\"https:\\\/\\\/detlef-kipar.de\\\/wordpress\\\/?s={search_term_string}\"},\"query-input\":{\"@type\":\"PropertyValueSpecification\",\"valueRequired\":true,\"valueName\":\"search_term_string\"}}],\"inLanguage\":\"de\"}]}<\/script>\n<!-- \/ Yoast SEO plugin. -->","yoast_head_json":{"title":"Kaffee Bohnen Accento - dk: Detlef Kipar","description":"Kaffee, Kaffeebohnen","robots":{"index":"index","follow":"follow","max-snippet":"max-snippet:-1","max-image-preview":"max-image-preview:large","max-video-preview":"max-video-preview:-1"},"canonical":"https:\/\/detlef-kipar.de\/wordpress\/produkt\/kaffee-bohnen-accento\/","og_locale":"de_DE","og_type":"article","og_title":"Kaffee Bohnen Accento - dk: Detlef Kipar","og_description":"Kaffee, Kaffeebohnen","og_url":"https:\/\/detlef-kipar.de\/wordpress\/produkt\/kaffee-bohnen-accento\/","og_site_name":"dk: Detlef Kipar","article_modified_time":"2026-02-11T08:27:42+00:00","og_image":[{"width":333,"height":800,"url":"https:\/\/detlef-kipar.de\/wordpress\/wp-content\/uploads\/2018\/10\/Accento.webp","type":"image\/webp"}],"twitter_card":"summary_large_image","twitter_misc":{"Gesch\u00e4tzte Lesezeit":"1\u00a0Minute"},"schema":{"@context":"https:\/\/schema.org","@graph":[{"@type":"WebPage","@id":"https:\/\/detlef-kipar.de\/wordpress\/produkt\/kaffee-bohnen-accento\/","url":"https:\/\/detlef-kipar.de\/wordpress\/produkt\/kaffee-bohnen-accento\/","name":"Kaffee Bohnen Accento - dk: Detlef Kipar","isPartOf":{"@id":"https:\/\/detlef-kipar.de\/wordpress\/#website"},"primaryImageOfPage":{"@id":"https:\/\/detlef-kipar.de\/wordpress\/produkt\/kaffee-bohnen-accento\/#primaryimage"},"image":{"@id":"https:\/\/detlef-kipar.de\/wordpress\/produkt\/kaffee-bohnen-accento\/#primaryimage"},"thumbnailUrl":"https:\/\/detlef-kipar.de\/wordpress\/wp-content\/uploads\/2018\/10\/Accento.webp","datePublished":"2018-10-28T15:54:17+00:00","dateModified":"2026-02-11T08:27:42+00:00","description":"Kaffee, Kaffeebohnen","breadcrumb":{"@id":"https:\/\/detlef-kipar.de\/wordpress\/produkt\/kaffee-bohnen-accento\/#breadcrumb"},"inLanguage":"de","potentialAction":[{"@type":"ReadAction","target":["https:\/\/detlef-kipar.de\/wordpress\/produkt\/kaffee-bohnen-accento\/"]}]},{"@type":"ImageObject","inLanguage":"de","@id":"https:\/\/detlef-kipar.de\/wordpress\/produkt\/kaffee-bohnen-accento\/#primaryimage","url":"https:\/\/detlef-kipar.de\/wordpress\/wp-content\/uploads\/2018\/10\/Accento.webp","contentUrl":"https:\/\/detlef-kipar.de\/wordpress\/wp-content\/uploads\/2018\/10\/Accento.webp","width":333,"height":800},{"@type":"BreadcrumbList","@id":"https:\/\/detlef-kipar.de\/wordpress\/produkt\/kaffee-bohnen-accento\/#breadcrumb","itemListElement":[{"@type":"ListItem","position":1,"name":"Startseite","item":"https:\/\/detlef-kipar.de\/wordpress\/"},{"@type":"ListItem","position":2,"name":"Kaffee Bohnen Accento"}]},{"@type":"WebSite","@id":"https:\/\/detlef-kipar.de\/wordpress\/#website","url":"https:\/\/detlef-kipar.de\/wordpress\/","name":"dk: Detlef Kipar","description":"","potentialAction":[{"@type":"SearchAction","target":{"@type":"EntryPoint","urlTemplate":"https:\/\/detlef-kipar.de\/wordpress\/?s={search_term_string}"},"query-input":{"@type":"PropertyValueSpecification","valueRequired":true,"valueName":"search_term_string"}}],"inLanguage":"de"}]}},"jetpack_sharing_enabled":true,"_links":{"self":[{"href":"https:\/\/detlef-kipar.de\/wordpress\/wp-json\/wp\/v2\/product\/610","targetHints":{"allow":["GET"]}}],"collection":[{"href":"https:\/\/detlef-kipar.de\/wordpress\/wp-json\/wp\/v2\/product"}],"about":[{"href":"https:\/\/detlef-kipar.de\/wordpress\/wp-json\/wp\/v2\/types\/product"}],"replies":[{"embeddable":true,"href":"https:\/\/detlef-kipar.de\/wordpress\/wp-json\/wp\/v2\/comments?post=610"}],"wp:featuredmedia":[{"embeddable":true,"href":"https:\/\/detlef-kipar.de\/wordpress\/wp-json\/wp\/v2\/media\/903"}],"wp:attachment":[{"href":"https:\/\/detlef-kipar.de\/wordpress\/wp-json\/wp\/v2\/media?parent=610"}],"wp:term":[{"taxonomy":"product_brand","embeddable":true,"href":"https:\/\/detlef-kipar.de\/wordpress\/wp-json\/wp\/v2\/product_brand?post=610"},{"taxonomy":"product_cat","embeddable":true,"href":"https:\/\/detlef-kipar.de\/wordpress\/wp-json\/wp\/v2\/product_cat?post=610"},{"taxonomy":"product_tag","embeddable":true,"href":"https:\/\/detlef-kipar.de\/wordpress\/wp-json\/wp\/v2\/product_tag?post=610"}],"curies":[{"name":"wp","href":"https:\/\/api.w.org\/{rel}","templated":true}]}}