{"id":59,"date":"2014-03-11T12:47:24","date_gmt":"2014-03-11T11:47:24","guid":{"rendered":"http:\/\/www.detlef-kipar.de\/wordpress\/?page_id=59"},"modified":"2018-01-30T14:51:21","modified_gmt":"2018-01-30T13:51:21","slug":"agb-reparatur","status":"publish","type":"page","link":"https:\/\/detlef-kipar.de\/wordpress\/agb-reparatur\/","title":{"rendered":"AGB Reparatur"},"content":{"rendered":"<h2>Allgemeine Gesch\u00e4ftsbedingungen Reparatur (AGBR)<\/h2>\n<p>Diese Reparaturbedingungen gelten f\u00fcr s\u00e4mtliche Reparaturma\u00dfnahmen. Sie gelten auch f\u00fcr Reparaturen auf Grund eines Anspruches aus gesetzlichem Leistungsst\u00f6rungsrecht oder aus Garantie soweit nachfolgend nicht anders angegeben.<\/p>\n<div id=\"featured\" dir=\"ltr\">\n<p><b>\u00a71 Auftragserteilung<\/b><\/p>\n<ol>\n<li>Einen eventuellen Anspruch aus dem gesetzlichen Leistungsst\u00f6rungsrecht oder aus Garantie muss der Kunde bei Auftragserteilung anmelden und diesen unter Vorlage des Zahlungsbeleges bzw. der vollst\u00e4ndigen Garantieunterlagen nachweisen.<\/li>\n<li>Soweit keine ausreichende Fehlerbeschreibung vorliegt, gilt der Auftrag f\u00fcr alle Arbeiten, die wir f\u00fcr notwendig erachten, erteilt. Wir sind zur Behebung von M\u00e4ngeln berechtigt, die sich w\u00e4hrend der Arbeiten zeigen, sofern die Behebung zum einwandfreien Funktionieren des zu reparierenden Gegenstandes notwendig ist.<\/li>\n<li>Bei Auftragserteilung f\u00fcr eine kostenpflichtige Reparatur kann der Kunde einen Reparaturh\u00f6chstpreis setzen. Soweit dieser \u00fcberschritten wird oder der zus\u00e4tzliche Reparaturaufwand nicht in einem angemessenen Verh\u00e4ltnis zum Wert des zu reparierenden Gegenstandes steht, ist das Einverst\u00e4ndnis des Kunden f\u00fcr eine weitergehende Reparatur einzuholen.<\/li>\n<li>Bei einer kostenpflichtigen Reparatur ist das Einverst\u00e4ndnis des Kunden auch einzuholen, wenn sich erst bei Ausf\u00fchrung der Arbeiten zeigt, dass der angestrebte Reparaturerfolg oder der Reparaturaufwand nicht in einem angemessenen Verh\u00e4ltnis zum Wert des zu reparierenden Gegenstandes steht. Der Kunde ist in diesem Falle zu Erstattung der bis dahin entstandenen Kosten verpflichtet.<\/li>\n<\/ol>\n<\/div>\n<div id=\"Bereich1\" dir=\"ltr\">\n<p><a name=\"featured\"><\/a><b>\u00a7 2 Reparaturdurchf\u00fchrung<\/b><\/p>\n<ol>\n<li>Wir sind berechtigt, die Reparatur in eigener oder fremder Werkstatt vorzunehmen.<\/li>\n<li>Reparaturtermine sind stets unverbindlich, die endg\u00fcltige Reparaturzeit ergibt sich aus dem tats\u00e4chlichen Reparaturaufwand.<\/li>\n<\/ol>\n<\/div>\n<div id=\"Bereich2\" dir=\"ltr\">\n<p><a name=\"featured1\"><\/a><b>\u00a7 3 Reparaturkosten und Zahlung<\/b><\/p>\n<ol>\n<li>S\u00e4mtliche kostenpflichtige Reparaturen werden nach Aufwand und verwendetem Material berechnet. Die Preisliste liegen in den Annahmer\u00e4umen aus.<\/li>\n<li>Kostenpflichtig reparierte Ger\u00e4te werden nur gegen Barzahlung oder Nachnahme ohne Abzug ausgeliefert.<\/li>\n<\/ol>\n<\/div>\n<div id=\"Bereich3\" dir=\"ltr\">\n<p><a name=\"featured2\"><\/a><b>\u00a7 4 Kostenvoranschl\u00e4ge; Kosten f\u00fcr nicht durchgef\u00fchrte Auftr\u00e4ge:<\/b><br \/>\nDa Fehlersuchzeit Arbeitszeit ist, wird der entsprechende Aufwand dem Kunden in Rechnung gestellt, wenn:<\/p>\n<ol>\n<li>der Kunde nach dem Kostenvoranschlag auf die Durchf\u00fchrung der Reparatur verzichtet.<\/li>\n<li>der beanstandete Fehler bei der \u00dcberpr\u00fcfung nicht festgestellt werden kann.<\/li>\n<li>ein ben\u00f6tigtes Ersatzteil nicht mehr zu beschaffen ist.<\/li>\n<li>ein Auftrag w\u00e4hrend der Durchf\u00fchrung zur\u00fcckgezogen wurde.<\/li>\n<li>keine, falsche oder unvollst\u00e4ndige Fehlerangaben gemacht wurden.<\/li>\n<\/ol>\n<p>Wird nach einem Kostenvoranschlag auf Wunsch des Kunden die Reparatur nicht durchgef\u00fchrt, so braucht der Reparaturgegenstand nicht mehr in den urspr\u00fcnglichen Zustand versetzt werden, wenn dies technisch bzw. wirtschaftlich nicht vertretbar ist.<\/p>\n<\/div>\n<div id=\"Bereich4\" dir=\"ltr\">\n<p><a name=\"featured3\"><\/a><b>\u00a7 5 Reparaturgew\u00e4hrleistung<\/b><\/p>\n<ol>\n<li>Wir gew\u00e4hren f\u00fcr die von uns durchgef\u00fchrte Reparatur eine Garantie von 6 Monaten, soweit es sich nachweislich um denselben und somit nicht korrekt beseitigten Fehler handelt. Weitergehende Schadensersatzanspr\u00fcche, die \u00fcber den Reparaturgegenstand hinausgehen, sind nicht von der Garantie erfasst. Stellt sich bei der Reparatur heraus, dass der beanstandete Fehler eine andere Ursache hat, wird dem Kunden der entstandene Aufwand berechnet.<\/li>\n<li>Ein Reparatur- Gew\u00e4hrleistungsanspruch muss der Kunde, soweit er Unternehmer, eine juristische Person des \u00f6ffentlichen Rechts oder ein \u00f6ffentlich-rechtliches Sonderverm\u00f6gen ist, innerhalb von 10 Werktagen ab Erkennbarkeit bei uns anmelden, ansonsten sind wir von der M\u00e4ngelhaftung, sei es aus Garantie oder gesetzlicher Gew\u00e4hrleistung, befreit. Der Gew\u00e4hrleistungsanspruch erlischt weiterhin, wenn ohne unser Einverst\u00e4ndnis von anderen \u00c4nderungen an den Leistungen vorgenommen wurden<\/li>\n<li>Handelt es sich bei Kunden um einen Verbraucher im Sinne des \u00a713 BGB, so erl\u00f6schen bei Nichtanmeldung der Anspr\u00fcche innerhalb von 10 Werktagen ab Erkennbarkeit nur die Garantieanspr\u00fcche. Die gesetzlichen Gew\u00e4hrleistungsrechte bleiben davon unber\u00fchrt.<\/li>\n<\/ol>\n<\/div>\n<div id=\"Bereich5\" dir=\"ltr\">\n<p><a name=\"featured4\"><\/a><b>\u00a7 6 Aufbewahrung und Abholung<\/b><\/p>\n<ol>\n<li>Wir sind berechtigt, reparierte Gegenst\u00e4nde an den \u00dcberbringer des Abholscheines oder eines anderen geeigneten Berechtigungsnachweises auszuh\u00e4ndigen.<\/li>\n<li>Werden Reparaturen nicht innerhalb von 3 Wochen nach schriftlicher oder m\u00fcndlicher Mitteilung \u00fcber die Fertigstellung abgeholt, verlangen wir Lagerkosten. Wir haften ab diesem Zeitpunkt, soweit die Haftung nicht schon vorher aufgrund Annahmeverzuges, gem\u00e4\u00df \u00a7 300 Abs. 1 BGB beschr\u00e4nkt ist, nicht f\u00fcr Abhandenkommen und Besch\u00e4digung des Reparaturgegenstandes, soweit uns kein Vorsatz oder grobe Fahrl\u00e4ssigkeit trifft. \u00dcbersteigen die Lagerkosten den Zeitwert des Ger\u00e4tes abz\u00fcglich entstandener Reparaturkosten, erlischt unsere Aufbewahrungspflicht.<\/li>\n<\/ol>\n<\/div>\n<div id=\"Bereich6\" dir=\"ltr\">\n<p><a name=\"featured5\"><\/a><b>\u00a7 7 Anspr\u00fcche aus Leistungsst\u00f6rungsrecht bei kostenpflichtigen Reparaturen<\/b><\/p>\n<ol>\n<li>Anspr\u00fcche wegen M\u00e4ngeln bei kostenpflichtigen Reparaturen verj\u00e4hren innerhalb von einem Jahr nach Abnahme.<\/li>\n<li>Das Recht des Kunden bei M\u00e4ngeln beschr\u00e4nkt sich zun\u00e4chst auf die Nacherf\u00fcllung. Erst bei Fehlschlagen der Nacherf\u00fcllung kann der Kunde Minderung der Verg\u00fctung oder R\u00fccktritt vom Reparaturvertrag verlangen.<\/li>\n<li>Sch\u00e4den die durch unsachgem\u00e4\u00dfe oder vertragswidrige Ma\u00dfnahmen des Kunden im Rahmen von Transport, Aufstellung, Anschluss, Bedienung oder Lagerung hervorgerufen werden, begr\u00fcnden keinen Anspruch gegen uns. Die Unsachgem\u00e4\u00dfheit und Vertragswidrigkeit bestimmt sich insbesondere nach Angaben des Herstellers.<\/li>\n<li>Durch den Kunden verursachte Softwarefehler oder Fehler, die durch Ver\u00e4nderung der Systemeinstellung oder Installation von Software, Treibern, weiteren Hardwarekomponenten o.\u00e4. verursacht wurden, begr\u00fcnden keinen Anspruch des Kunden.<\/li>\n<\/ol>\n<\/div>\n<div id=\"Bereich7\" dir=\"ltr\">\n<p><a name=\"featured6\"><\/a><b>\u00a7 8 Haftung<\/b><\/p>\n<ol>\n<li>Schadenersatzanspr\u00fcche sind ausgeschlossen, soweit der Werkunternehmer nicht vors\u00e4tzlich oder grob fahrl\u00e4ssig gehandelt hat oder soweit dadurch die Haftung f\u00fcr Verletzungen von Leben, K\u00f6rper oder Gesundheit beeintr\u00e4chtigt w\u00fcrde.<\/li>\n<li>Im Falle der Besch\u00e4digung des Reparaturgegenstandes sind wir zur kostenfreien Instandsetzung berechtigt. Soweit diese unm\u00f6glich oder mit unverh\u00e4ltnism\u00e4\u00dfig hohen Kosten verbunden ist, ist der Zeitwert am Tage der Besch\u00e4digung zu ersetzen.<\/li>\n<\/ol>\n<\/div>\n<div id=\"Bereich8\" dir=\"ltr\">\n<p><a name=\"featured7\"><\/a><b>\u00a7 9 Datensicherung<\/b><br \/>\nBei Durchf\u00fchrung der Reparatur kann es zu Datenverlusten kommen. Wir \u00fcbernehmen keine Haftung f\u00fcr die Sicherung eines vorhandenen Datenbestandes. Es unterliegt vielmehr allein der Verantwortung des Kunden, vor Reparaturauftrag f\u00fcr eine erforderliche Datensicherung Sorge zu tragen. Das Wiederherstellen des Datenbestandes obliegt dem Kunden. Die Kosten f\u00fcr eine etwaige Wiederherstellung des Datenbestandes durch uns (sofern eine solche m\u00f6glich ist) hat der Kunde zu tragen.<\/p>\n<\/div>\n<div id=\"Bereich9\" dir=\"ltr\">\n<p><a name=\"featured8\"><\/a><b>\u00a7 10 Speicherung von Daten<\/b><br \/>\nDer K\u00e4ufer ist damit einverstanden, dass die personenbezogenen Daten aus diesem Kaufvertrag von dem Verk\u00e4ufer zum Zwecke der Nutzung im kaufm\u00e4nnischen Betrieb des Verk\u00e4ufers auf Datentr\u00e4ger gespeichert werden. Die Weitergaben der gespeicherten Daten durch den Verk\u00e4ufer an Dritte ist ausgeschlossen.<\/p>\n<\/div>\n<div id=\"Bereich10\" dir=\"ltr\">\n<p><a name=\"featured9\"><\/a><b>\u00a7 11 Gerichtsstandsvereinbarung<\/b><br \/>\nAls Gerichtsstand gilt Trier als vereinbart, soweit der Vertragspartner Kaufmann, eine juristische Person des \u00f6ffentlichen Rechts oder ein \u00f6ffentlich-rechtliches Sonderverm\u00f6gen ist.<\/p>\n<\/div>\n<p><b>Stand April 2013<\/b><\/p>\n","protected":false},"excerpt":{"rendered":"<p>Allgemeine Gesch\u00e4ftsbedingungen Reparatur (AGBR) Diese Reparaturbedingungen gelten f\u00fcr s\u00e4mtliche Reparaturma\u00dfnahmen. Sie gelten auch f\u00fcr Reparaturen auf Grund eines Anspruches aus gesetzlichem Leistungsst\u00f6rungsrecht oder aus Garantie soweit nachfolgend nicht anders angegeben. \u00a71 Auftragserteilung Einen eventuellen Anspruch aus dem gesetzlichen Leistungsst\u00f6rungsrecht oder aus Garantie muss der Kunde bei Auftragserteilung anmelden und diesen unter Vorlage des Zahlungsbeleges bzw. [&hellip;]<\/p>\n","protected":false},"author":1,"featured_media":0,"parent":0,"menu_order":0,"comment_status":"closed","ping_status":"open","template":"","meta":{"footnotes":""},"class_list":["post-59","page","type-page","status-publish","hentry"],"yoast_head":"<!-- This site is optimized with the Yoast SEO plugin v27.5 - https:\/\/yoast.com\/product\/yoast-seo-wordpress\/ -->\n<title>AGB Reparatur - dk: Detlef Kipar<\/title>\n<meta name=\"robots\" content=\"index, follow, max-snippet:-1, max-image-preview:large, max-video-preview:-1\" \/>\n<link rel=\"canonical\" href=\"https:\/\/detlef-kipar.de\/wordpress\/agb-reparatur\/\" \/>\n<meta property=\"og:locale\" content=\"de_DE\" \/>\n<meta property=\"og:type\" content=\"article\" \/>\n<meta property=\"og:title\" content=\"AGB Reparatur - dk: Detlef Kipar\" \/>\n<meta property=\"og:description\" content=\"Allgemeine Gesch\u00e4ftsbedingungen Reparatur (AGBR) Diese Reparaturbedingungen gelten f\u00fcr s\u00e4mtliche Reparaturma\u00dfnahmen. Sie gelten auch f\u00fcr Reparaturen auf Grund eines Anspruches aus gesetzlichem Leistungsst\u00f6rungsrecht oder aus Garantie soweit nachfolgend nicht anders angegeben. \u00a71 Auftragserteilung Einen eventuellen Anspruch aus dem gesetzlichen Leistungsst\u00f6rungsrecht oder aus Garantie muss der Kunde bei Auftragserteilung anmelden und diesen unter Vorlage des Zahlungsbeleges bzw. [&hellip;]\" \/>\n<meta property=\"og:url\" content=\"https:\/\/detlef-kipar.de\/wordpress\/agb-reparatur\/\" \/>\n<meta property=\"og:site_name\" content=\"dk: Detlef Kipar\" \/>\n<meta property=\"article:modified_time\" content=\"2018-01-30T13:51:21+00:00\" \/>\n<meta name=\"twitter:card\" content=\"summary_large_image\" \/>\n<meta name=\"twitter:label1\" content=\"Gesch\u00e4tzte Lesezeit\" \/>\n\t<meta name=\"twitter:data1\" content=\"5\u00a0Minuten\" \/>\n<script type=\"application\/ld+json\" class=\"yoast-schema-graph\">{\"@context\":\"https:\\\/\\\/schema.org\",\"@graph\":[{\"@type\":\"WebPage\",\"@id\":\"https:\\\/\\\/detlef-kipar.de\\\/wordpress\\\/agb-reparatur\\\/\",\"url\":\"https:\\\/\\\/detlef-kipar.de\\\/wordpress\\\/agb-reparatur\\\/\",\"name\":\"AGB Reparatur - dk: Detlef Kipar\",\"isPartOf\":{\"@id\":\"https:\\\/\\\/detlef-kipar.de\\\/wordpress\\\/#website\"},\"datePublished\":\"2014-03-11T11:47:24+00:00\",\"dateModified\":\"2018-01-30T13:51:21+00:00\",\"breadcrumb\":{\"@id\":\"https:\\\/\\\/detlef-kipar.de\\\/wordpress\\\/agb-reparatur\\\/#breadcrumb\"},\"inLanguage\":\"de\",\"potentialAction\":[{\"@type\":\"ReadAction\",\"target\":[\"https:\\\/\\\/detlef-kipar.de\\\/wordpress\\\/agb-reparatur\\\/\"]}]},{\"@type\":\"BreadcrumbList\",\"@id\":\"https:\\\/\\\/detlef-kipar.de\\\/wordpress\\\/agb-reparatur\\\/#breadcrumb\",\"itemListElement\":[{\"@type\":\"ListItem\",\"position\":1,\"name\":\"Startseite\",\"item\":\"https:\\\/\\\/detlef-kipar.de\\\/wordpress\\\/\"},{\"@type\":\"ListItem\",\"position\":2,\"name\":\"AGB Reparatur\"}]},{\"@type\":\"WebSite\",\"@id\":\"https:\\\/\\\/detlef-kipar.de\\\/wordpress\\\/#website\",\"url\":\"https:\\\/\\\/detlef-kipar.de\\\/wordpress\\\/\",\"name\":\"dk: Detlef Kipar\",\"description\":\"\",\"potentialAction\":[{\"@type\":\"SearchAction\",\"target\":{\"@type\":\"EntryPoint\",\"urlTemplate\":\"https:\\\/\\\/detlef-kipar.de\\\/wordpress\\\/?s={search_term_string}\"},\"query-input\":{\"@type\":\"PropertyValueSpecification\",\"valueRequired\":true,\"valueName\":\"search_term_string\"}}],\"inLanguage\":\"de\"}]}<\/script>\n<!-- \/ Yoast SEO plugin. -->","yoast_head_json":{"title":"AGB Reparatur - dk: Detlef Kipar","robots":{"index":"index","follow":"follow","max-snippet":"max-snippet:-1","max-image-preview":"max-image-preview:large","max-video-preview":"max-video-preview:-1"},"canonical":"https:\/\/detlef-kipar.de\/wordpress\/agb-reparatur\/","og_locale":"de_DE","og_type":"article","og_title":"AGB Reparatur - dk: Detlef Kipar","og_description":"Allgemeine Gesch\u00e4ftsbedingungen Reparatur (AGBR) Diese Reparaturbedingungen gelten f\u00fcr s\u00e4mtliche Reparaturma\u00dfnahmen. Sie gelten auch f\u00fcr Reparaturen auf Grund eines Anspruches aus gesetzlichem Leistungsst\u00f6rungsrecht oder aus Garantie soweit nachfolgend nicht anders angegeben. \u00a71 Auftragserteilung Einen eventuellen Anspruch aus dem gesetzlichen Leistungsst\u00f6rungsrecht oder aus Garantie muss der Kunde bei Auftragserteilung anmelden und diesen unter Vorlage des Zahlungsbeleges bzw. [&hellip;]","og_url":"https:\/\/detlef-kipar.de\/wordpress\/agb-reparatur\/","og_site_name":"dk: Detlef Kipar","article_modified_time":"2018-01-30T13:51:21+00:00","twitter_card":"summary_large_image","twitter_misc":{"Gesch\u00e4tzte Lesezeit":"5\u00a0Minuten"},"schema":{"@context":"https:\/\/schema.org","@graph":[{"@type":"WebPage","@id":"https:\/\/detlef-kipar.de\/wordpress\/agb-reparatur\/","url":"https:\/\/detlef-kipar.de\/wordpress\/agb-reparatur\/","name":"AGB Reparatur - dk: Detlef Kipar","isPartOf":{"@id":"https:\/\/detlef-kipar.de\/wordpress\/#website"},"datePublished":"2014-03-11T11:47:24+00:00","dateModified":"2018-01-30T13:51:21+00:00","breadcrumb":{"@id":"https:\/\/detlef-kipar.de\/wordpress\/agb-reparatur\/#breadcrumb"},"inLanguage":"de","potentialAction":[{"@type":"ReadAction","target":["https:\/\/detlef-kipar.de\/wordpress\/agb-reparatur\/"]}]},{"@type":"BreadcrumbList","@id":"https:\/\/detlef-kipar.de\/wordpress\/agb-reparatur\/#breadcrumb","itemListElement":[{"@type":"ListItem","position":1,"name":"Startseite","item":"https:\/\/detlef-kipar.de\/wordpress\/"},{"@type":"ListItem","position":2,"name":"AGB Reparatur"}]},{"@type":"WebSite","@id":"https:\/\/detlef-kipar.de\/wordpress\/#website","url":"https:\/\/detlef-kipar.de\/wordpress\/","name":"dk: Detlef Kipar","description":"","potentialAction":[{"@type":"SearchAction","target":{"@type":"EntryPoint","urlTemplate":"https:\/\/detlef-kipar.de\/wordpress\/?s={search_term_string}"},"query-input":{"@type":"PropertyValueSpecification","valueRequired":true,"valueName":"search_term_string"}}],"inLanguage":"de"}]}},"jetpack_sharing_enabled":true,"_links":{"self":[{"href":"https:\/\/detlef-kipar.de\/wordpress\/wp-json\/wp\/v2\/pages\/59","targetHints":{"allow":["GET"]}}],"collection":[{"href":"https:\/\/detlef-kipar.de\/wordpress\/wp-json\/wp\/v2\/pages"}],"about":[{"href":"https:\/\/detlef-kipar.de\/wordpress\/wp-json\/wp\/v2\/types\/page"}],"author":[{"embeddable":true,"href":"https:\/\/detlef-kipar.de\/wordpress\/wp-json\/wp\/v2\/users\/1"}],"replies":[{"embeddable":true,"href":"https:\/\/detlef-kipar.de\/wordpress\/wp-json\/wp\/v2\/comments?post=59"}],"version-history":[{"count":3,"href":"https:\/\/detlef-kipar.de\/wordpress\/wp-json\/wp\/v2\/pages\/59\/revisions"}],"predecessor-version":[{"id":329,"href":"https:\/\/detlef-kipar.de\/wordpress\/wp-json\/wp\/v2\/pages\/59\/revisions\/329"}],"wp:attachment":[{"href":"https:\/\/detlef-kipar.de\/wordpress\/wp-json\/wp\/v2\/media?parent=59"}],"curies":[{"name":"wp","href":"https:\/\/api.w.org\/{rel}","templated":true}]}}