{"id":55,"date":"2014-03-11T12:01:38","date_gmt":"2014-03-11T11:01:38","guid":{"rendered":"http:\/\/www.detlef-kipar.de\/wordpress\/?page_id=55"},"modified":"2018-04-11T09:51:03","modified_gmt":"2018-04-11T07:51:03","slug":"agbs","status":"publish","type":"page","link":"https:\/\/detlef-kipar.de\/wordpress\/agbs\/","title":{"rendered":"AGB Kauf"},"content":{"rendered":"<h2>Allgemeine Gesch\u00e4ftsbedingungen Kauf (AGBK)<\/h2>\n<div dir=\"ltr\" id=\"featured\">\n<p><b>\u00a71 Lieferzeiten<\/b><\/p>\n<ol>\n<li>Liefertermine, die bei Vertragsverhandlungen vereinbart werden, bed\u00fcrfen der Schriftform<\/li>\n<li>Kommt es zu einer Verz\u00f6gerung der Leistung des Verk\u00e4ufers, kann der K\u00e4ufer nach Ablauf einer von ihm festzusetzenden angemessenen Frist zur Leistung oder Nacherf\u00fcllung vom Vertrag zur\u00fccktreten und\/oder Schadensersatz statt der Leistung verlangen<\/li>\n<li>Der Umfang der Haftung ergibt sich aus \u00a7 6 der AGB<\/li>\n<\/ol>\n<\/div>\n<div dir=\"ltr\" id=\"Bereich1\">\n<p><a name=\"featured\"><\/a><b>\u00a72 Eigentumsvorbehalt<\/b><\/p>\n<ol>\n<li>Die Einigung zur Eigentums\u00fcbertragung ist aufschiebend bedingt bis zur vollst\u00e4ndigen Zahlung des Kaufpreises.<\/li>\n<li>Der K\u00e4ufer verwahrt den Kaufgegenstand unentgeltlich f\u00fcr den Verk\u00e4ufer. Er hat den Kaufgegenstand pfleglich zu behandeln.<\/li>\n<li>Der K\u00e4ufer darf \u00fcber den unter Eigentumsvorbehalt stehenden Kaufgegenstand nicht verf\u00fcgen und hat Eingriffe Dritter, insbesondere Pf\u00e4ndungen, dem Verk\u00e4ufer unverz\u00fcglich schriftlich unter Beif\u00fcgung des Pf\u00e4ndungsprotokolls mitzuteilen.<\/li>\n<li>Der Verk\u00e4ufer kann nach erfolgtem R\u00fccktritt vom Kaufvertrag im Falle einer nicht erfolgten oder nicht vertragsgem\u00e4\u00dfen Leistung durch den K\u00e4ufer von diesem den Kaufgegenstand herausverlangen. Schadensersatzanspr\u00fcche des Verk\u00e4ufers sind dadurch nicht ausgeschlossen.<\/li>\n<\/ol>\n<\/div>\n<div dir=\"ltr\" id=\"Bereich2\">\n<p><a name=\"featured1\"><\/a><b>\u00a73 Gefahr\u00fcbergang und Annahmeverzug<\/b><\/p>\n<ol>\n<li>Die Gefahr des zuf\u00e4lligen Untergangs oder der zuf\u00e4lligen Verschlechterung des Kaufgegenstandes geht mit der \u00dcbergabe an den K\u00e4ufer auf diese \u00fcber.<\/li>\n<li>Gleiches gilt, soweit der K\u00e4ufer nach Ablauf einer ihm vom Verk\u00e4ufer gesetzten angemessen Frist unter Verletzung seiner Pflichten aus dem Schuldverh\u00e4ltnis die f\u00e4llige Abnahme verweigert oder schon vorher unter Verletzung seiner Pflichten ernsthaft und endg\u00fcltig erkl\u00e4rt den Kaufgegenstand nicht abnehmen zu wollen (Annahmeverzug).<\/li>\n<li>Dauert der Annahmeverzug l\u00e4nger als drei Wochen an, hat der K\u00e4ufer die anfallenden Lagerkosten zu bezahlen.<\/li>\n<\/ol>\n<\/div>\n<div dir=\"ltr\" id=\"Bereich3\">\n<p><a name=\"featured2\"><\/a><b>\u00a7 4 R\u00fccktritt<\/b><\/p>\n<ol>\n<li>Der Verk\u00e4ufer ist von der Lieferpflicht befreit, wenn der Hersteller die Produktion der bestellten Ware eingestellt hat, wenn die endg\u00fcltige Nichtbelieferung des Verk\u00e4ufers auf h\u00f6herer Gewalt beruht und der Verk\u00e4ufer in den vorgenannten beiden F\u00e4llen die bestellten Waren nicht zu f\u00fcr ihn zumutbaren Bedingungen beschaffen kann, sofern diese Umst\u00e4nde erst nach Vertragsschluss eingetreten sind und der Verk\u00e4ufer die Nichtbelieferung nicht zu vertreten hat. \u00dcber die genannten Umst\u00e4nde hat der Verk\u00e4ufer den K\u00e4ufer in angemessener Frist zu benachrichtigen und die Gegenleistung des K\u00e4ufers zu erstatten.<\/li>\n<li>Der Verk\u00e4ufer ist zum R\u00fccktritt berechtigt, wenn der K\u00e4ufer \u00fcber die seine Kreditw\u00fcrdigkeit bedingenden Tatsachen falsche Angaben gemacht hat, es sei denn der K\u00e4ufer leistet unverz\u00fcglich Vorauskasse.<\/li>\n<\/ol>\n<\/div>\n<div dir=\"ltr\" id=\"Bereich4\">\n<p><a name=\"featured3\"><\/a><b>\u00a75 Gew\u00e4hrleistung<\/b><\/p>\n<ol>\n<li>Der Verk\u00e4ufer leistet grunds\u00e4tzlich Gew\u00e4hr nach Ma\u00dfgabe der gesetzlichen Bestimmungen.<\/li>\n<li>Abweichend davon wird vereinbart:<\/li>\n<\/ol>\n<ol>\n<li>Die Verj\u00e4hrungsfrist f\u00fcr Rechte des K\u00e4ufers bei M\u00e4ngeln betr\u00e4gt bei gebrauchten Sachen lediglich ein Jahr ab Lieferung bzw. \u00dcbergabe des Kaufgegenstandes betr\u00e4gt, dies gilt nicht, soweit die Haftung des Verk\u00e4ufers auf Vorsatz beruht, er eine Beschaffenheitsgarantie \u00fcbernommen hat oder den Mangel arglistig verschwiegen hat.<\/li>\n<li>F\u00fcr die Haftung auf Schadensersatz gilt \u00a7 6 AGB.<\/li>\n<\/ol>\n<\/div>\n<div dir=\"ltr\" id=\"Bereich5\">\n<p><a name=\"featured4\"><\/a><b>\u00a7 6 Haftung<\/b><\/p>\n<ol>\n<li>Der Verk\u00e4ufer haftet auf Schadensersatz f\u00fcr eine Pflichtverletzung bei einfacher Fahrl\u00e4ssigkeit nur bis zur H\u00f6he der H\u00e4lfte des vereinbarten Kaufpreises, ansonsten nur bei eigenem Vorsatz oder grober Fahrl\u00e4ssigkeit oder Vorsatz oder grober Fahrl\u00e4ssigkeit seines gesetzlichen Vertreters oder Erf\u00fcllungsgehilfen.<\/li>\n<li>Die Haftungsbeschr\u00e4nkung nach \u00a7 6.1 AGB gilt nicht f\u00fcr die Haftung des Verk\u00e4ufers f\u00fcr Sch\u00e4den aus der Verletzung des Lebens, des K\u00f6rpers oder der Gesundheit. Sie gilt ferner nicht bei Anspr\u00fcchen wegen M\u00e4ngeln, wenn der Verk\u00e4ufer den Mangel arglistig verschwiegen oder eine Garantie f\u00fcr die Beschaffenheit \u00fcbernommen hat.<\/li>\n<\/ol>\n<\/div>\n<div dir=\"ltr\" id=\"Bereich6\">\n<p><a name=\"featured5\"><\/a><b>\u00a7 7 Speicherung von Daten<\/b><br \/>\nDer K\u00e4ufer ist damit einverstanden, dass die personenbezogenen Daten aus diesem Kaufvertrag von dem Verk\u00e4ufer zum Zwecke der Nutzung im kaufm\u00e4nnischen Betrieb des Verk\u00e4ufers auf Datentr\u00e4ger gespeichert werden. Die Weitergaben der gespeicherten Daten durch den Verk\u00e4ufer an Dritte ist ausgeschlossen.<\/p>\n<\/div>\n<div dir=\"ltr\" id=\"Bereich7\">\n<p><a name=\"featured6\"><\/a><b>\u00a7 8 Gerichtsstandsvereinbarung<\/b><br \/>\nAls Gerichtsstand gilt Trier als vereinbart, soweit der K\u00e4ufer Kaufmann, eine juristische Person des \u00f6ffentlichen Rechts oder ein \u00f6ffentlich-rechtliches Sonderverm\u00f6gen ist.<\/p>\n<\/div>\n<p><b>Stand April 2013<\/b><br \/>\n<div class=\"woocommerce woocommerce-gzd woocommerce-gzd-complaints-shortcode\">\n\t\t\t<h3>Alternative Streitbeilegung gem\u00e4\u00df Art. 14 Abs. 1 ODR-VO und \u00a7 36 VSBG:<\/h3>\n\t\nZur Teilnahme an einem Streitbeilegungsverfahren vor einer Verbraucherschlichtungsstelle sind wir nicht verpflichtet und nicht bereit.<\/div><\/p>\n","protected":false},"excerpt":{"rendered":"<p>Allgemeine Gesch\u00e4ftsbedingungen Kauf (AGBK) \u00a71 Lieferzeiten Liefertermine, die bei Vertragsverhandlungen vereinbart werden, bed\u00fcrfen der Schriftform Kommt es zu einer Verz\u00f6gerung der Leistung des Verk\u00e4ufers, kann der K\u00e4ufer nach Ablauf einer von ihm festzusetzenden angemessenen Frist zur Leistung oder Nacherf\u00fcllung vom Vertrag zur\u00fccktreten und\/oder Schadensersatz statt der Leistung verlangen Der Umfang der Haftung ergibt sich aus [&hellip;]<\/p>\n","protected":false},"author":1,"featured_media":0,"parent":0,"menu_order":0,"comment_status":"closed","ping_status":"open","template":"","meta":{"footnotes":""},"class_list":["post-55","page","type-page","status-publish","hentry"],"yoast_head":"<!-- This site is optimized with the Yoast SEO plugin v27.5 - https:\/\/yoast.com\/product\/yoast-seo-wordpress\/ -->\n<title>AGB Kauf - dk: Detlef Kipar<\/title>\n<meta name=\"robots\" content=\"index, follow, max-snippet:-1, max-image-preview:large, max-video-preview:-1\" \/>\n<link rel=\"canonical\" href=\"https:\/\/detlef-kipar.de\/wordpress\/agbs\/\" \/>\n<meta property=\"og:locale\" content=\"de_DE\" \/>\n<meta property=\"og:type\" content=\"article\" \/>\n<meta property=\"og:title\" content=\"AGB Kauf - dk: Detlef Kipar\" \/>\n<meta property=\"og:description\" content=\"Allgemeine Gesch\u00e4ftsbedingungen Kauf (AGBK) \u00a71 Lieferzeiten Liefertermine, die bei Vertragsverhandlungen vereinbart werden, bed\u00fcrfen der Schriftform Kommt es zu einer Verz\u00f6gerung der Leistung des Verk\u00e4ufers, kann der K\u00e4ufer nach Ablauf einer von ihm festzusetzenden angemessenen Frist zur Leistung oder Nacherf\u00fcllung vom Vertrag zur\u00fccktreten und\/oder Schadensersatz statt der Leistung verlangen Der Umfang der Haftung ergibt sich aus [&hellip;]\" \/>\n<meta property=\"og:url\" content=\"https:\/\/detlef-kipar.de\/wordpress\/agbs\/\" \/>\n<meta property=\"og:site_name\" content=\"dk: Detlef Kipar\" \/>\n<meta property=\"article:modified_time\" content=\"2018-04-11T07:51:03+00:00\" \/>\n<meta name=\"twitter:card\" content=\"summary_large_image\" \/>\n<meta name=\"twitter:label1\" content=\"Gesch\u00e4tzte Lesezeit\" \/>\n\t<meta name=\"twitter:data1\" content=\"3\u00a0Minuten\" \/>\n<script type=\"application\/ld+json\" class=\"yoast-schema-graph\">{\"@context\":\"https:\\\/\\\/schema.org\",\"@graph\":[{\"@type\":\"WebPage\",\"@id\":\"https:\\\/\\\/detlef-kipar.de\\\/wordpress\\\/agbs\\\/\",\"url\":\"https:\\\/\\\/detlef-kipar.de\\\/wordpress\\\/agbs\\\/\",\"name\":\"AGB Kauf - dk: Detlef Kipar\",\"isPartOf\":{\"@id\":\"https:\\\/\\\/detlef-kipar.de\\\/wordpress\\\/#website\"},\"datePublished\":\"2014-03-11T11:01:38+00:00\",\"dateModified\":\"2018-04-11T07:51:03+00:00\",\"breadcrumb\":{\"@id\":\"https:\\\/\\\/detlef-kipar.de\\\/wordpress\\\/agbs\\\/#breadcrumb\"},\"inLanguage\":\"de\",\"potentialAction\":[{\"@type\":\"ReadAction\",\"target\":[\"https:\\\/\\\/detlef-kipar.de\\\/wordpress\\\/agbs\\\/\"]}]},{\"@type\":\"BreadcrumbList\",\"@id\":\"https:\\\/\\\/detlef-kipar.de\\\/wordpress\\\/agbs\\\/#breadcrumb\",\"itemListElement\":[{\"@type\":\"ListItem\",\"position\":1,\"name\":\"Startseite\",\"item\":\"https:\\\/\\\/detlef-kipar.de\\\/wordpress\\\/\"},{\"@type\":\"ListItem\",\"position\":2,\"name\":\"AGB Kauf\"}]},{\"@type\":\"WebSite\",\"@id\":\"https:\\\/\\\/detlef-kipar.de\\\/wordpress\\\/#website\",\"url\":\"https:\\\/\\\/detlef-kipar.de\\\/wordpress\\\/\",\"name\":\"dk: Detlef Kipar\",\"description\":\"\",\"potentialAction\":[{\"@type\":\"SearchAction\",\"target\":{\"@type\":\"EntryPoint\",\"urlTemplate\":\"https:\\\/\\\/detlef-kipar.de\\\/wordpress\\\/?s={search_term_string}\"},\"query-input\":{\"@type\":\"PropertyValueSpecification\",\"valueRequired\":true,\"valueName\":\"search_term_string\"}}],\"inLanguage\":\"de\"}]}<\/script>\n<!-- \/ Yoast SEO plugin. -->","yoast_head_json":{"title":"AGB Kauf - dk: Detlef Kipar","robots":{"index":"index","follow":"follow","max-snippet":"max-snippet:-1","max-image-preview":"max-image-preview:large","max-video-preview":"max-video-preview:-1"},"canonical":"https:\/\/detlef-kipar.de\/wordpress\/agbs\/","og_locale":"de_DE","og_type":"article","og_title":"AGB Kauf - dk: Detlef Kipar","og_description":"Allgemeine Gesch\u00e4ftsbedingungen Kauf (AGBK) \u00a71 Lieferzeiten Liefertermine, die bei Vertragsverhandlungen vereinbart werden, bed\u00fcrfen der Schriftform Kommt es zu einer Verz\u00f6gerung der Leistung des Verk\u00e4ufers, kann der K\u00e4ufer nach Ablauf einer von ihm festzusetzenden angemessenen Frist zur Leistung oder Nacherf\u00fcllung vom Vertrag zur\u00fccktreten und\/oder Schadensersatz statt der Leistung verlangen Der Umfang der Haftung ergibt sich aus [&hellip;]","og_url":"https:\/\/detlef-kipar.de\/wordpress\/agbs\/","og_site_name":"dk: Detlef Kipar","article_modified_time":"2018-04-11T07:51:03+00:00","twitter_card":"summary_large_image","twitter_misc":{"Gesch\u00e4tzte Lesezeit":"3\u00a0Minuten"},"schema":{"@context":"https:\/\/schema.org","@graph":[{"@type":"WebPage","@id":"https:\/\/detlef-kipar.de\/wordpress\/agbs\/","url":"https:\/\/detlef-kipar.de\/wordpress\/agbs\/","name":"AGB Kauf - dk: Detlef Kipar","isPartOf":{"@id":"https:\/\/detlef-kipar.de\/wordpress\/#website"},"datePublished":"2014-03-11T11:01:38+00:00","dateModified":"2018-04-11T07:51:03+00:00","breadcrumb":{"@id":"https:\/\/detlef-kipar.de\/wordpress\/agbs\/#breadcrumb"},"inLanguage":"de","potentialAction":[{"@type":"ReadAction","target":["https:\/\/detlef-kipar.de\/wordpress\/agbs\/"]}]},{"@type":"BreadcrumbList","@id":"https:\/\/detlef-kipar.de\/wordpress\/agbs\/#breadcrumb","itemListElement":[{"@type":"ListItem","position":1,"name":"Startseite","item":"https:\/\/detlef-kipar.de\/wordpress\/"},{"@type":"ListItem","position":2,"name":"AGB Kauf"}]},{"@type":"WebSite","@id":"https:\/\/detlef-kipar.de\/wordpress\/#website","url":"https:\/\/detlef-kipar.de\/wordpress\/","name":"dk: Detlef Kipar","description":"","potentialAction":[{"@type":"SearchAction","target":{"@type":"EntryPoint","urlTemplate":"https:\/\/detlef-kipar.de\/wordpress\/?s={search_term_string}"},"query-input":{"@type":"PropertyValueSpecification","valueRequired":true,"valueName":"search_term_string"}}],"inLanguage":"de"}]}},"jetpack_sharing_enabled":true,"_links":{"self":[{"href":"https:\/\/detlef-kipar.de\/wordpress\/wp-json\/wp\/v2\/pages\/55","targetHints":{"allow":["GET"]}}],"collection":[{"href":"https:\/\/detlef-kipar.de\/wordpress\/wp-json\/wp\/v2\/pages"}],"about":[{"href":"https:\/\/detlef-kipar.de\/wordpress\/wp-json\/wp\/v2\/types\/page"}],"author":[{"embeddable":true,"href":"https:\/\/detlef-kipar.de\/wordpress\/wp-json\/wp\/v2\/users\/1"}],"replies":[{"embeddable":true,"href":"https:\/\/detlef-kipar.de\/wordpress\/wp-json\/wp\/v2\/comments?post=55"}],"version-history":[{"count":4,"href":"https:\/\/detlef-kipar.de\/wordpress\/wp-json\/wp\/v2\/pages\/55\/revisions"}],"predecessor-version":[{"id":361,"href":"https:\/\/detlef-kipar.de\/wordpress\/wp-json\/wp\/v2\/pages\/55\/revisions\/361"}],"wp:attachment":[{"href":"https:\/\/detlef-kipar.de\/wordpress\/wp-json\/wp\/v2\/media?parent=55"}],"curies":[{"name":"wp","href":"https:\/\/api.w.org\/{rel}","templated":true}]}}