{"id":36,"date":"2014-03-10T16:54:47","date_gmt":"2014-03-10T15:54:47","guid":{"rendered":"http:\/\/www.detlef-kipar.de\/wordpress\/?page_id=36"},"modified":"2026-04-23T08:57:35","modified_gmt":"2026-04-23T06:57:35","slug":"ueber-uns","status":"publish","type":"page","link":"https:\/\/detlef-kipar.de\/wordpress\/ueber-uns\/","title":{"rendered":"\u00dcber Uns"},"content":{"rendered":"<p><a href=\"https:\/\/www.youtube.com\/watch?v=lcLU8KRNj7k\">VIDEO<\/a> ansehen !!!!<\/p>\n<p>Es gibt sie noch, die Fachbetriebe in der Unterhaltungselektronik mit Verkaufsabteilung und eigener Reparaturwerkstatt. Wir reparieren alle Ger\u00e4te der Unterhaltungselektronik, (Fernseher, Hifi-Ger\u00e4te sowie Kaffeevollautomaten).<\/p>\n<p>Wir legen unseren Schwerpunkt auf m\u00f6glichst perfekten Service. Das bedeutet, dass wir Hersteller f\u00fcr unsere Angebotspalette ausgew\u00e4hlt haben, die uns im Dienstleistungsbereich als Partner unterst\u00fctzen. Daf\u00fcr legen wir Wert auf Ger\u00e4te mit dem Siegel \u201eMade in Germany\u201c. Unseren Schwerpunkt legen wir auf die Firmen: TechniSat, Metz, Audio Block,\u00a0 sowie Jura, Nivona, Philips\/Saeco, DeLonghi, Bosch\/Siemens im Kaffeemaschinenbereich.<\/p>\n<p>Dass Sie von uns umfassend und individuell beraten werden, ist selbstverst\u00e4ndlich. Genauso, wie Sie auch alle anderen Fabrikate mit entsprechendem Service erhalten k\u00f6nnen. Digitale SAT-Technik, Au\u00dfenanlagen und nat\u00fcrlich die Reparatur-Werkstatt erg\u00e4nzen unser Leistungsspektrum.<\/p>\n<p>Als Kaffeemaschinenmacher bieten wir die Wartung und Reparatur von Kaffeevollautomaten f\u00fcr Castrop-Rauxel und Umgebung an. (Dortmund, Recklinghausen, Waltrop, Datteln, Oer-Erkenschwick, Olfen, Selm, L\u00fcnen, Brambauer und\u00a0 so weiter&#8230;)<\/p>\n<p>Neu bieten wir auch die Reparatur Ihres Thermomix an.<\/p>\n<p>In unserem Gesch\u00e4ft an der Ickerner Stra\u00dfe 63 f\u00fchren wir Ihnen gerne die neusten Kaffeevollautomaten von Jura vor.<\/p>\n<p>F\u00fcr Jura Kaffeemaschinen bieten wir Ihnen den vollen Service, auch innerhalb der Garantiezeit, an.<\/p>\n<p>Alle anderen Fabrikate werden nur au\u00dferhalb der Garantie repariert.<\/p>\n<p>Sie finden uns in 44581 Castrop-Rauxel, im Ortsteil Ickern, auf der Ickerner Stra\u00dfe 63, gegen\u00fcber dem Marktplatz Ickern.<\/p>\n","protected":false},"excerpt":{"rendered":"<p>VIDEO ansehen !!!! Es gibt sie noch, die Fachbetriebe in der Unterhaltungselektronik mit Verkaufsabteilung und eigener Reparaturwerkstatt. Wir reparieren alle Ger\u00e4te der Unterhaltungselektronik, (Fernseher, Hifi-Ger\u00e4te sowie Kaffeevollautomaten). Wir legen unseren Schwerpunkt auf m\u00f6glichst perfekten Service. Das bedeutet, dass wir Hersteller f\u00fcr unsere Angebotspalette ausgew\u00e4hlt haben, die uns im Dienstleistungsbereich als Partner unterst\u00fctzen. Daf\u00fcr legen wir [&hellip;]<\/p>\n","protected":false},"author":1,"featured_media":0,"parent":0,"menu_order":0,"comment_status":"closed","ping_status":"open","template":"","meta":{"footnotes":""},"class_list":["post-36","page","type-page","status-publish","hentry"],"yoast_head":"<!-- This site is optimized with the Yoast SEO plugin v27.5 - https:\/\/yoast.com\/product\/yoast-seo-wordpress\/ -->\n<title>\u00dcber Uns - dk: Detlef Kipar<\/title>\n<meta name=\"robots\" content=\"index, follow, max-snippet:-1, max-image-preview:large, max-video-preview:-1\" \/>\n<link rel=\"canonical\" href=\"https:\/\/detlef-kipar.de\/wordpress\/ueber-uns\/\" \/>\n<meta property=\"og:locale\" content=\"de_DE\" \/>\n<meta property=\"og:type\" content=\"article\" \/>\n<meta property=\"og:title\" content=\"\u00dcber Uns - dk: Detlef Kipar\" \/>\n<meta property=\"og:description\" content=\"VIDEO ansehen !!!! Es gibt sie noch, die Fachbetriebe in der Unterhaltungselektronik mit Verkaufsabteilung und eigener Reparaturwerkstatt. Wir reparieren alle Ger\u00e4te der Unterhaltungselektronik, (Fernseher, Hifi-Ger\u00e4te sowie Kaffeevollautomaten). Wir legen unseren Schwerpunkt auf m\u00f6glichst perfekten Service. Das bedeutet, dass wir Hersteller f\u00fcr unsere Angebotspalette ausgew\u00e4hlt haben, die uns im Dienstleistungsbereich als Partner unterst\u00fctzen. Daf\u00fcr legen wir [&hellip;]\" \/>\n<meta property=\"og:url\" content=\"https:\/\/detlef-kipar.de\/wordpress\/ueber-uns\/\" \/>\n<meta property=\"og:site_name\" content=\"dk: Detlef Kipar\" \/>\n<meta property=\"article:modified_time\" content=\"2026-04-23T06:57:35+00:00\" \/>\n<meta name=\"twitter:card\" content=\"summary_large_image\" \/>\n<meta name=\"twitter:label1\" content=\"Gesch\u00e4tzte Lesezeit\" \/>\n\t<meta name=\"twitter:data1\" content=\"2\u00a0Minuten\" \/>\n<script type=\"application\/ld+json\" class=\"yoast-schema-graph\">{\"@context\":\"https:\\\/\\\/schema.org\",\"@graph\":[{\"@type\":\"WebPage\",\"@id\":\"https:\\\/\\\/detlef-kipar.de\\\/wordpress\\\/ueber-uns\\\/\",\"url\":\"https:\\\/\\\/detlef-kipar.de\\\/wordpress\\\/ueber-uns\\\/\",\"name\":\"\u00dcber Uns - dk: Detlef Kipar\",\"isPartOf\":{\"@id\":\"https:\\\/\\\/detlef-kipar.de\\\/wordpress\\\/#website\"},\"datePublished\":\"2014-03-10T15:54:47+00:00\",\"dateModified\":\"2026-04-23T06:57:35+00:00\",\"breadcrumb\":{\"@id\":\"https:\\\/\\\/detlef-kipar.de\\\/wordpress\\\/ueber-uns\\\/#breadcrumb\"},\"inLanguage\":\"de\",\"potentialAction\":[{\"@type\":\"ReadAction\",\"target\":[\"https:\\\/\\\/detlef-kipar.de\\\/wordpress\\\/ueber-uns\\\/\"]}]},{\"@type\":\"BreadcrumbList\",\"@id\":\"https:\\\/\\\/detlef-kipar.de\\\/wordpress\\\/ueber-uns\\\/#breadcrumb\",\"itemListElement\":[{\"@type\":\"ListItem\",\"position\":1,\"name\":\"Startseite\",\"item\":\"https:\\\/\\\/detlef-kipar.de\\\/wordpress\\\/\"},{\"@type\":\"ListItem\",\"position\":2,\"name\":\"\u00dcber Uns\"}]},{\"@type\":\"WebSite\",\"@id\":\"https:\\\/\\\/detlef-kipar.de\\\/wordpress\\\/#website\",\"url\":\"https:\\\/\\\/detlef-kipar.de\\\/wordpress\\\/\",\"name\":\"dk: Detlef Kipar\",\"description\":\"\",\"potentialAction\":[{\"@type\":\"SearchAction\",\"target\":{\"@type\":\"EntryPoint\",\"urlTemplate\":\"https:\\\/\\\/detlef-kipar.de\\\/wordpress\\\/?s={search_term_string}\"},\"query-input\":{\"@type\":\"PropertyValueSpecification\",\"valueRequired\":true,\"valueName\":\"search_term_string\"}}],\"inLanguage\":\"de\"}]}<\/script>\n<!-- \/ Yoast SEO plugin. -->","yoast_head_json":{"title":"\u00dcber Uns - dk: Detlef Kipar","robots":{"index":"index","follow":"follow","max-snippet":"max-snippet:-1","max-image-preview":"max-image-preview:large","max-video-preview":"max-video-preview:-1"},"canonical":"https:\/\/detlef-kipar.de\/wordpress\/ueber-uns\/","og_locale":"de_DE","og_type":"article","og_title":"\u00dcber Uns - dk: Detlef Kipar","og_description":"VIDEO ansehen !!!! Es gibt sie noch, die Fachbetriebe in der Unterhaltungselektronik mit Verkaufsabteilung und eigener Reparaturwerkstatt. Wir reparieren alle Ger\u00e4te der Unterhaltungselektronik, (Fernseher, Hifi-Ger\u00e4te sowie Kaffeevollautomaten). Wir legen unseren Schwerpunkt auf m\u00f6glichst perfekten Service. Das bedeutet, dass wir Hersteller f\u00fcr unsere Angebotspalette ausgew\u00e4hlt haben, die uns im Dienstleistungsbereich als Partner unterst\u00fctzen. Daf\u00fcr legen wir [&hellip;]","og_url":"https:\/\/detlef-kipar.de\/wordpress\/ueber-uns\/","og_site_name":"dk: Detlef Kipar","article_modified_time":"2026-04-23T06:57:35+00:00","twitter_card":"summary_large_image","twitter_misc":{"Gesch\u00e4tzte Lesezeit":"2\u00a0Minuten"},"schema":{"@context":"https:\/\/schema.org","@graph":[{"@type":"WebPage","@id":"https:\/\/detlef-kipar.de\/wordpress\/ueber-uns\/","url":"https:\/\/detlef-kipar.de\/wordpress\/ueber-uns\/","name":"\u00dcber Uns - dk: Detlef Kipar","isPartOf":{"@id":"https:\/\/detlef-kipar.de\/wordpress\/#website"},"datePublished":"2014-03-10T15:54:47+00:00","dateModified":"2026-04-23T06:57:35+00:00","breadcrumb":{"@id":"https:\/\/detlef-kipar.de\/wordpress\/ueber-uns\/#breadcrumb"},"inLanguage":"de","potentialAction":[{"@type":"ReadAction","target":["https:\/\/detlef-kipar.de\/wordpress\/ueber-uns\/"]}]},{"@type":"BreadcrumbList","@id":"https:\/\/detlef-kipar.de\/wordpress\/ueber-uns\/#breadcrumb","itemListElement":[{"@type":"ListItem","position":1,"name":"Startseite","item":"https:\/\/detlef-kipar.de\/wordpress\/"},{"@type":"ListItem","position":2,"name":"\u00dcber Uns"}]},{"@type":"WebSite","@id":"https:\/\/detlef-kipar.de\/wordpress\/#website","url":"https:\/\/detlef-kipar.de\/wordpress\/","name":"dk: Detlef Kipar","description":"","potentialAction":[{"@type":"SearchAction","target":{"@type":"EntryPoint","urlTemplate":"https:\/\/detlef-kipar.de\/wordpress\/?s={search_term_string}"},"query-input":{"@type":"PropertyValueSpecification","valueRequired":true,"valueName":"search_term_string"}}],"inLanguage":"de"}]}},"jetpack_sharing_enabled":true,"_links":{"self":[{"href":"https:\/\/detlef-kipar.de\/wordpress\/wp-json\/wp\/v2\/pages\/36","targetHints":{"allow":["GET"]}}],"collection":[{"href":"https:\/\/detlef-kipar.de\/wordpress\/wp-json\/wp\/v2\/pages"}],"about":[{"href":"https:\/\/detlef-kipar.de\/wordpress\/wp-json\/wp\/v2\/types\/page"}],"author":[{"embeddable":true,"href":"https:\/\/detlef-kipar.de\/wordpress\/wp-json\/wp\/v2\/users\/1"}],"replies":[{"embeddable":true,"href":"https:\/\/detlef-kipar.de\/wordpress\/wp-json\/wp\/v2\/comments?post=36"}],"version-history":[{"count":25,"href":"https:\/\/detlef-kipar.de\/wordpress\/wp-json\/wp\/v2\/pages\/36\/revisions"}],"predecessor-version":[{"id":1099,"href":"https:\/\/detlef-kipar.de\/wordpress\/wp-json\/wp\/v2\/pages\/36\/revisions\/1099"}],"wp:attachment":[{"href":"https:\/\/detlef-kipar.de\/wordpress\/wp-json\/wp\/v2\/media?parent=36"}],"curies":[{"name":"wp","href":"https:\/\/api.w.org\/{rel}","templated":true}]}}